{"id":982,"date":"2016-01-13T16:46:14","date_gmt":"2016-01-13T15:46:14","guid":{"rendered":"http:\/\/langosco.it\/?page_id=982"},"modified":"2020-06-21T19:27:28","modified_gmt":"2020-06-21T17:27:28","slug":"admin","status":"publish","type":"page","link":"https:\/\/langosco.it\/?page_id=982","title":{"rendered":"admin"},"content":{"rendered":"","protected":true},"excerpt":{"rendered":"","protected":true},"author":1,"featured_media":0,"parent":0,"menu_order":0,"comment_status":"closed","ping_status":"closed","template":"","meta":{"jetpack_post_was_ever_published":false,"footnotes":""},"class_list":["post-982","page","type-page","status-publish","post-password-required","hentry"],"jetpack_sharing_enabled":true,"jetpack_shortlink":"https:\/\/wp.me\/P6ZQY0-fQ","jetpack-related-posts":[{"id":1629,"url":"https:\/\/langosco.it\/?page_id=1629","url_meta":{"origin":982,"position":0},"title":"Timeline della famiglia Lomello-Langosco","date":"Maggio 22, 2018","format":false,"excerpt":"","rel":"","context":"Articolo simile","img":{"alt_text":"","src":"","width":0,"height":0},"classes":[]},{"id":957,"url":"https:\/\/langosco.it\/?page_id=957","url_meta":{"origin":982,"position":1},"title":"Definizione dei colori rosso ed azzurro","date":"Gennaio 13, 2016","format":false,"excerpt":"","rel":"","context":"Articolo simile","img":{"alt_text":"","src":"","width":0,"height":0},"classes":[]},{"id":1662,"url":"https:\/\/langosco.it\/?page_id=1662","url_meta":{"origin":982,"position":2},"title":"simple timeline test page","date":"Maggio 25, 2018","format":false,"excerpt":"\u00a0","rel":"","context":"Articolo simile","img":{"alt_text":"","src":"","width":0,"height":0},"classes":[]},{"id":505,"url":"https:\/\/langosco.it\/?page_id=505","url_meta":{"origin":982,"position":3},"title":"Contatti","date":"Gennaio 6, 2016","format":false,"excerpt":"Per informazioni relative al sito Langosco.it potete contattarci al seguente indirizzo email: info@langosco.it ______________________________________________ Credits: il lavoro di ricerca storica pubblicato su langosco.it \u00e8 soprattutto di Paolo Langosco, che pu\u00f2 essere contattato per a: info@langosco.it Il logo del sito, lo stemma completo di cimiero e di motto, \u00e8 un disegno\u2026","rel":"","context":"Articolo simile","img":{"alt_text":"","src":"","width":0,"height":0},"classes":[]},{"id":683,"url":"https:\/\/langosco.it\/?page_id=683","url_meta":{"origin":982,"position":4},"title":"Home page interna","date":"Gennaio 11, 2016","format":false,"excerpt":"- Pagina chiusa - Se ti trovi su questa pagina \u00e8 perch\u00e9 era inclusa tra i tuoi segnalibri, o attraverso la cache di un motore di ricerca. Questa parte del sito non esiste pi\u00f9. Ti consiglio di eliminare questa pagina dai tuoi segnalibri e di sostituirla direttamente con la home\u2026","rel":"","context":"Articolo simile","img":{"alt_text":"","src":"","width":0,"height":0},"classes":[]},{"id":97,"url":"https:\/\/langosco.it\/?page_id=97","url_meta":{"origin":982,"position":5},"title":"Sintesi Storica","date":"Ottobre 20, 2015","format":false,"excerpt":"Sintesi della storia della famiglia Langosco: \u00a0 ----- -----","rel":"","context":"Articolo simile","img":{"alt_text":"","src":"","width":0,"height":0},"classes":[]}],"_links":{"self":[{"href":"https:\/\/langosco.it\/index.php?rest_route=\/wp\/v2\/pages\/982","targetHints":{"allow":["GET"]}}],"collection":[{"href":"https:\/\/langosco.it\/index.php?rest_route=\/wp\/v2\/pages"}],"about":[{"href":"https:\/\/langosco.it\/index.php?rest_route=\/wp\/v2\/types\/page"}],"author":[{"embeddable":true,"href":"https:\/\/langosco.it\/index.php?rest_route=\/wp\/v2\/users\/1"}],"replies":[{"embeddable":true,"href":"https:\/\/langosco.it\/index.php?rest_route=%2Fwp%2Fv2%2Fcomments&post=982"}],"version-history":[{"count":38,"href":"https:\/\/langosco.it\/index.php?rest_route=\/wp\/v2\/pages\/982\/revisions"}],"predecessor-version":[{"id":2117,"href":"https:\/\/langosco.it\/index.php?rest_route=\/wp\/v2\/pages\/982\/revisions\/2117"}],"wp:attachment":[{"href":"https:\/\/langosco.it\/index.php?rest_route=%2Fwp%2Fv2%2Fmedia&parent=982"}],"curies":[{"name":"wp","href":"https:\/\/api.w.org\/{rel}","templated":true}]}}