{"id":822,"date":"2016-01-11T23:29:40","date_gmt":"2016-01-11T22:29:40","guid":{"rendered":"http:\/\/langosco.it\/?page_id=822"},"modified":"2016-01-11T23:57:30","modified_gmt":"2016-01-11T22:57:30","slug":"nota-vittorio-riccardo-enrico","status":"publish","type":"page","link":"https:\/\/langosco.it\/?page_id=822","title":{"rendered":"Nota: Vittorio Riccardo Enrico"},"content":{"rendered":"<p><strong>Vittorio Riccardo Enrico<\/strong>. (Bibliografia 10 &#8211; pag. 3.) Nato a Milano il 18 giugno 1889. Durante la grande guerra 1915-1918 fu tenente effettivo nei cavalleggeri Roma, comandante di una sezione mitraglieri e cadde il 4 agosto 1915 a Bosco Cappuccio (Carso), colpito in fronte da palla nemica. Gli furono assegnate due medaglie di bronzo al valore militare, l&#8217;una il 25 luglio 1915 e l&#8217;altra dopo la morte.<\/p>\n<p style=\"text-align: center;\">Il materiale che segue \u00e8 stato tratto dal bolg: <a href=\"http:\/\/icadutidelcarso.blogspot.co.at\/2015\/01\/tenente-langosco-di-langosco-vittorio.html\" target=\"_blank\">iCadutiDelCarso<\/a> che rigraziamo:<\/p>\n<h3 class=\"post-title entry-title\" style=\"text-align: center;\">Tenente LANGOSCO di LANGOSCO Vittorio<\/h3>\n<p style=\"text-align: center;\"><img loading=\"lazy\" decoding=\"async\" data-attachment-id=\"827\" data-permalink=\"https:\/\/langosco.it\/?attachment_id=827\" data-orig-file=\"https:\/\/i0.wp.com\/langosco.it\/wp-content\/uploads\/2016\/01\/Vittorio-Langosco.jpg?fit=236%2C321&amp;ssl=1\" data-orig-size=\"236,321\" data-comments-opened=\"1\" data-image-meta=\"{&quot;aperture&quot;:&quot;0&quot;,&quot;credit&quot;:&quot;&quot;,&quot;camera&quot;:&quot;&quot;,&quot;caption&quot;:&quot;&quot;,&quot;created_timestamp&quot;:&quot;0&quot;,&quot;copyright&quot;:&quot;&quot;,&quot;focal_length&quot;:&quot;0&quot;,&quot;iso&quot;:&quot;0&quot;,&quot;shutter_speed&quot;:&quot;0&quot;,&quot;title&quot;:&quot;&quot;,&quot;orientation&quot;:&quot;0&quot;}\" data-image-title=\"Vittorio Langosco\" data-image-description=\"\" data-image-caption=\"\" data-medium-file=\"https:\/\/i0.wp.com\/langosco.it\/wp-content\/uploads\/2016\/01\/Vittorio-Langosco.jpg?fit=221%2C300&amp;ssl=1\" data-large-file=\"https:\/\/i0.wp.com\/langosco.it\/wp-content\/uploads\/2016\/01\/Vittorio-Langosco.jpg?fit=236%2C321&amp;ssl=1\" class=\"aligncenter size-medium wp-image-827\" src=\"https:\/\/i0.wp.com\/langosco.it\/wp-content\/uploads\/2016\/01\/Vittorio-Langosco-221x300.jpg?resize=221%2C300\" alt=\"Vittorio Langosco\" width=\"221\" height=\"300\" srcset=\"https:\/\/i0.wp.com\/langosco.it\/wp-content\/uploads\/2016\/01\/Vittorio-Langosco.jpg?resize=221%2C300&amp;ssl=1 221w, https:\/\/i0.wp.com\/langosco.it\/wp-content\/uploads\/2016\/01\/Vittorio-Langosco.jpg?resize=110%2C150&amp;ssl=1 110w, https:\/\/i0.wp.com\/langosco.it\/wp-content\/uploads\/2016\/01\/Vittorio-Langosco.jpg?w=236&amp;ssl=1 236w\" sizes=\"auto, (max-width: 221px) 100vw, 221px\" data-recalc-dims=\"1\" \/><\/p>\n<p style=\"text-align: center;\"><b class=\"post-header\">20\u00b0 Reggimento Cavalleggeri Roma<\/b><\/p>\n<div id=\"post-body-4363375668336141917\" class=\"post-body entry-content\">\n<div style=\"text-align: center;\"><\/div>\n<div style=\"text-align: center;\"><b>Nato<\/b> a Milano il 18 Giugno 1889<\/div>\n<div style=\"text-align: center;\"><b>Morto<\/b> a Bosco Cappuccio il 4 Agosto 1915<\/div>\n<div style=\"text-align: center;\"><b>Sepolto<\/b> a &#8212;&#8212;-<\/div>\n<div><\/div>\n<div><\/div>\n<div>\n<h3 class=\"separator\"><b>Decorato di Medaglia di Bronzo al Valor Militare <\/b><\/h3>\n<\/div>\n<div>Comandante di una sezione mitragliatrici, si spingeva audacemente all&#8217;inseguimento del nemico, e, quantunque fatto segno a vivo di fuoco di artiglieria e fucileria, rimaneva al suo posto fino a quando non ricevette ordine di ripiegare. Cadde ucciso in una successiva azione.<\/div>\n<div>Bosco Cappuccio, 25 Luglio e 4 Agosto 1915<\/div>\n<div>\u00a0<b>\u00a0<\/b><\/div>\n<div>\n<h3><b>Decorato di Medaglia di Bronzo al Valor Militare\u00a0<\/b><\/h3>\n<\/div>\n<div>\n<p>\u00a0Comandante di una sezione mitragliatrici, seppe impiegarla con intelligenza ed ardire, favorendo l&#8217;avanzata delle truppe per la conquista del trincerone. Mentre si postava in una posizione avanzata, rest\u00f2 mortalmente ferito.<\/p>\n<div>Bosco Cappuccio, 4 Agosto 1915<\/div>\n<div><\/div>\n<div><\/div>\n<\/div>\n<div><u><b>Note Storiche tratte dal Libro &#8220;La Vita per la Patria&#8221; di Lorenzo Cadeddu ed. Gaspari:<\/b><\/u><\/div>\n<div><\/div>\n<div><b>Per la carenza di sezioni mitragliatrici nelle varie Brigate di fanteria, nei primi mesi di guerra, si misero a disposizioni di queste quelle dei Reggimenti di cavalleria, come in quetso caso le sezioni\u00a0 Maxim del Reggimento cavalleggeri Roma furono aggregate alla Brigata Sassari.<\/b><\/div>\n<div><b>lasciamo ora il racconto tratto dal libro sopracitato:<\/b><\/div>\n<div><\/div>\n<div><b>I<\/b>l giorno era il 4 di Agosto 1915, nell&#8217;assalto del trincerone, tra i tanti della Sassari che persero la vita cadde colpito alla fronte, il comandante della sezione mitragliatrici Maxim del 20\u00b0 Reggimento Cavalleggeri Roma tenente Vittorio Langosco di Langosco, che operava con il 152\u00b0 ma per l&#8217;occasione era passato alle dipendenze del 151\u00b0 reggimento.<\/div>\n<div>Sulla sua fine esiste una memoria che lo ricorda, scritta dal fratello, il collonello di cavalleria Federico Langosco di Langosco, all&#8217;epoca sottotenente dello stesso reggimento: &#8220;&#8230;nel pomeriggio del 4 agosto 1915 ci fu uno di questi attacchi. Proprio quel mattino Vittorio Langosco era tornato ai suoi mitraglieri dopo pochi giorni di riposo passati ad Ajello, dove si trovava il Comando di reggimento. I fanti della Sassari, uscirono all&#8217;assalto, saltarono svelti e veloci e rapidi come tanti diavoli e in pochi minuti furono addosso agli austriaci che si trovavano nel &#8220;trincerone&#8221; antistante a una trentina di metri pi\u00f9 in l\u00e0. Bisognava portare subito avanti le due mitragliatrici del &#8220;Roma&#8221;. &#8220;Andiamo avanti anche noi&#8221; disse Langosco &#8220;Via&#8221; e senza porre tempo di mezzo si lanci\u00f2 dalla trincea perch\u00e8 voleva trovare il posto per piazzare le due armi. Ma fece pochi passi: la pallottola puntuta di un mauser arriv\u00f2 giusta giusta sulla bella fronte, era d&#8217;acciaio e di piombo e fece un piccolo foro cos\u00ec. Erano le sette e mezza di sera ed il tenue rivolo di sangue sgorg\u00f2 da quel foro portandosi via la vita.<\/div>\n<div>Il sottotenente Langosco avvisato, che il fratello era caduto in combattimento and\u00f2 assieme al tenente Vittorio Bianchi dello stesso reggimento, a recuperare la salma per seppelirla in un vicino camposanto per evitare che i poveri resti venissero seppelliti sul posto. Il Comandante del II\/152\u00b0 cui era affidato il sottosettore in cui era caduto l&#8217;ufficiale si oppose a questo desiderio adducendo che una disposizione del comando sovraordinato prescriveva che i caduti venissero sepolti sul posto e l&#8217;ufficiale del &#8220;Roma&#8221; era caduto davanti alla linea italiana antistante il trincerone. Federico Langosco e il suo amico e collega riuscirono, dopo molte insistenze, a convincere il comandante di battaglione, che tuttavia non volle esporre i suoi uomini al recupero della salma che quindi venne raggiunta e recuperata dai due giovani ufficiali che la trasportarono prima a Sagrado e di qui ad Ajello ove fu deposta nella cella mortuaria del locale cimitero e vegliata, tutta la notte, dai due ufficiali. Federico Langosco la mattina dopo chiese al Comandante del &#8220;Roma&#8221; di poter prendere il posto del fratello caduto al comando della sezione mitragliatrici ma la sua domanda non venne accolta. Il suo posto venne preso dal tenente Otto Giulini, volontario rientrato dalla Germania per combattere, anche Giulini pochi giorni dopo cadde tra i soldati della Sassari in un attacco alle posizioni del San Michele e sulla sua fine ricorder\u00e0 ancora Federico Langosco che: &#8221; .. lo trovarono (Giulini) con gli occhi aperti e quasi sorridenti che guardavano in alto.<\/div>\n<div style=\"text-align: center;\"><\/div>\n<div style=\"text-align: center;\"><b>mappa tratta dal libro<\/b> <b>&#8220;La Vita per la Patria&#8221; di Lorenzo Cadeddu ed. Gaspari:<\/b><\/div>\n<div style=\"text-align: center;\"><\/div>\n<div class=\"separator\" style=\"text-align: center;\"><img loading=\"lazy\" decoding=\"async\" data-attachment-id=\"831\" data-permalink=\"https:\/\/langosco.it\/?attachment_id=831\" data-orig-file=\"https:\/\/i0.wp.com\/langosco.it\/wp-content\/uploads\/2016\/01\/Vittorio-Langosco-mappa.jpg?fit=1600%2C1280&amp;ssl=1\" data-orig-size=\"1600,1280\" data-comments-opened=\"1\" data-image-meta=\"{&quot;aperture&quot;:&quot;0&quot;,&quot;credit&quot;:&quot;&quot;,&quot;camera&quot;:&quot;&quot;,&quot;caption&quot;:&quot;&quot;,&quot;created_timestamp&quot;:&quot;0&quot;,&quot;copyright&quot;:&quot;&quot;,&quot;focal_length&quot;:&quot;0&quot;,&quot;iso&quot;:&quot;0&quot;,&quot;shutter_speed&quot;:&quot;0&quot;,&quot;title&quot;:&quot;&quot;,&quot;orientation&quot;:&quot;0&quot;}\" data-image-title=\"Vittorio Langosco-mappa\" data-image-description=\"\" data-image-caption=\"\" data-medium-file=\"https:\/\/i0.wp.com\/langosco.it\/wp-content\/uploads\/2016\/01\/Vittorio-Langosco-mappa.jpg?fit=300%2C240&amp;ssl=1\" data-large-file=\"https:\/\/i0.wp.com\/langosco.it\/wp-content\/uploads\/2016\/01\/Vittorio-Langosco-mappa.jpg?fit=677%2C541&amp;ssl=1\" class=\"aligncenter size-medium wp-image-831\" src=\"https:\/\/i0.wp.com\/langosco.it\/wp-content\/uploads\/2016\/01\/Vittorio-Langosco-mappa-300x240.jpg?resize=300%2C240\" alt=\"Vittorio Langosco-mappa\" width=\"300\" height=\"240\" srcset=\"https:\/\/i0.wp.com\/langosco.it\/wp-content\/uploads\/2016\/01\/Vittorio-Langosco-mappa.jpg?resize=300%2C240&amp;ssl=1 300w, https:\/\/i0.wp.com\/langosco.it\/wp-content\/uploads\/2016\/01\/Vittorio-Langosco-mappa.jpg?resize=150%2C120&amp;ssl=1 150w, https:\/\/i0.wp.com\/langosco.it\/wp-content\/uploads\/2016\/01\/Vittorio-Langosco-mappa.jpg?resize=1024%2C819&amp;ssl=1 1024w, https:\/\/i0.wp.com\/langosco.it\/wp-content\/uploads\/2016\/01\/Vittorio-Langosco-mappa.jpg?w=1600&amp;ssl=1 1600w, https:\/\/i0.wp.com\/langosco.it\/wp-content\/uploads\/2016\/01\/Vittorio-Langosco-mappa.jpg?w=1354&amp;ssl=1 1354w\" sizes=\"auto, (max-width: 300px) 100vw, 300px\" data-recalc-dims=\"1\" \/><\/div>\n<div style=\"text-align: center;\"><\/div>\n<div style=\"text-align: center;\"><b>foto tratta dal libro <\/b><b><b>&#8220;La Vita per la Patria&#8221; di Lorenzo Cadeddu ed. Gaspari<\/b><\/b><\/div>\n<div style=\"text-align: center;\"><b><b>\u00a0il Tenente Langosco Vittorio nella foto della sezione mitragliatrici \u00e8 in piedi in secondo piano:<\/b><\/b><\/div>\n<div style=\"text-align: center;\"><\/div>\n<div class=\"separator\" style=\"text-align: center;\"><img loading=\"lazy\" decoding=\"async\" data-attachment-id=\"832\" data-permalink=\"https:\/\/langosco.it\/?attachment_id=832\" data-orig-file=\"https:\/\/i0.wp.com\/langosco.it\/wp-content\/uploads\/2016\/01\/Vittorio-Langosco-trincea-e1452710514485.jpg?fit=130%2C144&amp;ssl=1\" data-orig-size=\"130,144\" data-comments-opened=\"1\" data-image-meta=\"{&quot;aperture&quot;:&quot;0&quot;,&quot;credit&quot;:&quot;&quot;,&quot;camera&quot;:&quot;&quot;,&quot;caption&quot;:&quot;&quot;,&quot;created_timestamp&quot;:&quot;0&quot;,&quot;copyright&quot;:&quot;&quot;,&quot;focal_length&quot;:&quot;0&quot;,&quot;iso&quot;:&quot;0&quot;,&quot;shutter_speed&quot;:&quot;0&quot;,&quot;title&quot;:&quot;&quot;,&quot;orientation&quot;:&quot;0&quot;}\" data-image-title=\"Vittorio Langosco-trincea\" data-image-description=\"\" data-image-caption=\"\" data-medium-file=\"https:\/\/i0.wp.com\/langosco.it\/wp-content\/uploads\/2016\/01\/Vittorio-Langosco-trincea-e1452710514485.jpg?fit=270%2C300&amp;ssl=1\" data-large-file=\"https:\/\/i0.wp.com\/langosco.it\/wp-content\/uploads\/2016\/01\/Vittorio-Langosco-trincea-e1452710514485.jpg?fit=130%2C144&amp;ssl=1\" class=\"aligncenter size-medium wp-image-832\" src=\"https:\/\/i0.wp.com\/langosco.it\/wp-content\/uploads\/2016\/01\/Vittorio-Langosco-trincea-270x300.jpg?resize=270%2C300\" alt=\"Vittorio Langosco-trincea\" width=\"270\" height=\"300\" data-recalc-dims=\"1\" \/><\/div>\n<\/div>\n<p style=\"text-align: center;\">\n","protected":false},"excerpt":{"rendered":"<p>Vittorio Riccardo Enrico. (Bibliografia 10 &#8211; pag. 3.) Nato a Milano il 18 giugno 1889. Durante la grande guerra 1915-1918 fu tenente effettivo nei cavalleggeri Roma, comandante di una sezione mitraglieri e cadde il 4 agosto 1915 a Bosco Cappuccio (Carso), colpito in fronte da palla nemica. Gli furono assegnate due medaglie di bronzo al valore militare, l&#8217;una il 25 luglio 1915 e l&#8217;altra dopo la morte. Il materiale che&hellip; <\/p>\n","protected":false},"author":1,"featured_media":0,"parent":0,"menu_order":0,"comment_status":"closed","ping_status":"closed","template":"layouts\/page-fullwidth.php","meta":{"jetpack_post_was_ever_published":false,"footnotes":""},"class_list":["post-822","page","type-page","status-publish","hentry"],"jetpack_sharing_enabled":true,"jetpack_shortlink":"https:\/\/wp.me\/P6ZQY0-dg","jetpack-related-posts":[{"id":721,"url":"https:\/\/langosco.it\/?page_id=721","url_meta":{"origin":822,"position":0},"title":"Sintesi Storica dal Sec. XV in poi &#8211; ramo principale","date":"Gennaio 11, 2016","format":false,"excerpt":"Langosco di Langosco (di S. Polo o S. Paolo Leria) I due fratelli Giordano e Lionardo di Langasco (sic) nel 1453 combatterono per difendere Costantinopoli. Guido Antonio. (Bibliografia 10 - pag. 2.) Capitano generale delle cacce dello stato di Milano. Compreso nell'investitura delle chiese di S. Martino e di S.\u2026","rel":"","context":"Articolo simile","img":{"alt_text":"","src":"","width":0,"height":0},"classes":[]},{"id":1334,"url":"https:\/\/langosco.it\/?page_id=1334","url_meta":{"origin":822,"position":1},"title":"XV onward &#8211; main branch","date":"Marzo 25, 2016","format":false,"excerpt":"Langosco di Langosco (di S. Polo o S. Paolo Leria) I due fratelli Giordano e Lionardo di Langasco (sic) nel 1453 combatterono per difendere Costantinopoli. Guido Antonio. (Bibliografia 10 - pag. 2.) Capitano generale delle cacce dello stato di Milano. Compreso nell'investitura delle chiese di S. Martino e di S.\u2026","rel":"","context":"Articolo simile","img":{"alt_text":"","src":"","width":0,"height":0},"classes":[]},{"id":840,"url":"https:\/\/langosco.it\/?page_id=840","url_meta":{"origin":822,"position":2},"title":"Note: Luigi Federico Carlo Maria","date":"Gennaio 12, 2016","format":false,"excerpt":"Luigi Federico Carlo Maria. (Bibliografia 10 \u2013 pag. 3.) Nato a Langosco, alla tenuta Regina, il 25 settembre 1876. Prese parte alla grande guerra 1915-1918 e fu decorato della croce di guerra. Colonnello d\u2019artiglieria di compl. Durante la seconda guerra mondiale fu collocato in riserva per ragioni d\u2019et\u00e0, ma collabor\u00f2\u2026","rel":"","context":"Articolo simile","img":{"alt_text":"","src":"https:\/\/i0.wp.com\/langosco.it\/wp-content\/uploads\/2022\/06\/inciampo-3.jpg?resize=350%2C200&ssl=1","width":350,"height":200},"classes":[]},{"id":1599,"url":"https:\/\/langosco.it\/?page_id=1599","url_meta":{"origin":822,"position":3},"title":"Nota: Massimiliano Enrico Giuseppe Mario","date":"Maggio 2, 2018","format":false,"excerpt":"Massimiliano Enrico Giuseppe Mario. Nato a Milano (via Lodovico Settala, 35) il 16 agosto 1913 e battezzato in S. Francesca Romana. Tenente pilota in servizio permanente effettivo, il 5 febbraio 1939 [1936 ?] part\u00ec volontario per la Spagna, a partecipare alla guerra contro il comunismo, ove, dopo diverse azioni di\u2026","rel":"","context":"Articolo simile","img":{"alt_text":"","src":"","width":0,"height":0},"classes":[]},{"id":1601,"url":"https:\/\/langosco.it\/?page_id=1601","url_meta":{"origin":822,"position":4},"title":"Nota: Paolo Riccardo Maria","date":"Maggio 2, 2018","format":false,"excerpt":"Paolo Riccardo Maria. N. 24\/03\/1941 a Roma. Dott. in Geologia, Univ. La Sapienza, Roma 20\/03\/1969.\u00a0 Grandi costruzioni civili soprattutto nei continenti extraeuropei. In pens. dal 2004. Sposa (16\/11\/1968) Erzs\u00e9bet (Elisabetta) Lantos, nata a Budapest il 22\/12\/1943 da Major Katalin e da Lantos Zoltan (Dott. Ing.). Dott. in\u00a0 Archeologia Univ. La\u2026","rel":"","context":"Articolo simile","img":{"alt_text":"","src":"","width":0,"height":0},"classes":[]},{"id":564,"url":"https:\/\/langosco.it\/?page_id=564","url_meta":{"origin":822,"position":5},"title":"Sintesi Storica &#8211; Sec. XI-XIV","date":"Gennaio 8, 2016","format":false,"excerpt":"Sul finire del X sec. la genealogia si fa un po\u2019 pi\u00f9 chiara e troviamo due fratelli, figli molto probabilmente del \"judex domni regis\" indicato come Pietro (ii) nella ricostruzione della prof. Dragoni. Essi sono: \u201cCunibertus iudex domni regis\u201d che figura in vari atti dal 967 al 999. Questo personaggio\u2026","rel":"","context":"Articolo simile","img":{"alt_text":"","src":"https:\/\/i0.wp.com\/langosco.it\/wp-content\/uploads\/2016\/01\/Ottone-III-coronazione-249x300.jpg?resize=350%2C200","width":350,"height":200},"classes":[]}],"_links":{"self":[{"href":"https:\/\/langosco.it\/index.php?rest_route=\/wp\/v2\/pages\/822","targetHints":{"allow":["GET"]}}],"collection":[{"href":"https:\/\/langosco.it\/index.php?rest_route=\/wp\/v2\/pages"}],"about":[{"href":"https:\/\/langosco.it\/index.php?rest_route=\/wp\/v2\/types\/page"}],"author":[{"embeddable":true,"href":"https:\/\/langosco.it\/index.php?rest_route=\/wp\/v2\/users\/1"}],"replies":[{"embeddable":true,"href":"https:\/\/langosco.it\/index.php?rest_route=%2Fwp%2Fv2%2Fcomments&post=822"}],"version-history":[{"count":11,"href":"https:\/\/langosco.it\/index.php?rest_route=\/wp\/v2\/pages\/822\/revisions"}],"predecessor-version":[{"id":836,"href":"https:\/\/langosco.it\/index.php?rest_route=\/wp\/v2\/pages\/822\/revisions\/836"}],"wp:attachment":[{"href":"https:\/\/langosco.it\/index.php?rest_route=%2Fwp%2Fv2%2Fmedia&parent=822"}],"curies":[{"name":"wp","href":"https:\/\/api.w.org\/{rel}","templated":true}]}}