{"id":788,"date":"2016-01-11T22:34:58","date_gmt":"2016-01-11T21:34:58","guid":{"rendered":"http:\/\/langosco.it\/?page_id=788"},"modified":"2020-06-22T20:45:27","modified_gmt":"2020-06-22T18:45:27","slug":"nota-giovan-tommaso","status":"publish","type":"page","link":"https:\/\/langosco.it\/?page_id=788","title":{"rendered":"Nota: Giovan Tommaso"},"content":{"rendered":"<p><strong><a href=\"http:\/\/www.treccani.it\/enciclopedia\/giovanni-tommaso-langosco_%28Dizionario-Biografico%29\/\" target=\"_blank\" rel=\"noopener noreferrer\">Giovan Tomaso<\/a><\/strong>. (Bibliografia 10 &#8211; pag. 4.)<\/p>\n<p>Fu il pi\u00f9 eminente personaggio di questa linea: Sposa: (a) nel 1523 Delia Roero-Sanseverino, (da questo primo matrimonio nasce Beatrice) e (b) Antonia di Montafia, figlia di Giorgio e di Bianca Orsina Visconti (da questo secondo matrimonio nascono: Carlo Emanuele, Lodovica e Margherita).<\/p>\n<p>Nel 1554 ambasciatore del duca all\u2019imperatore nei Paesi Bassi. Nel 1556 signore di Villarboit (con Monformoso e Busonengo, acquistati da Antonio di Roasenda). Nel 1557 presente alla battaglia di S.Quintino con Eman. Filiberto che gli attribuisce il controllo delle mura di Casale. <u>Nel 1559 plenipotenziario a Cateau-Cambr\u00e9sis dove firma i trattati in rappresentanza di Emanuele Filiberto<\/u>. Nel 1568 gran cancelliere degli stati di casa Savoia. Mor\u00ec a Torino il 18 maggio 1575.<\/p>\n<p style=\"text-align: center;\">&#8212;&#8211; <img loading=\"lazy\" decoding=\"async\" data-attachment-id=\"69\" data-permalink=\"https:\/\/langosco.it\/?attachment_id=69\" data-orig-file=\"https:\/\/i0.wp.com\/langosco.it\/wp-content\/uploads\/2015\/10\/stemma-langosco-di1-thumb.png?fit=105%2C120&amp;ssl=1\" data-orig-size=\"105,120\" data-comments-opened=\"1\" data-image-meta=\"{&quot;aperture&quot;:&quot;0&quot;,&quot;credit&quot;:&quot;&quot;,&quot;camera&quot;:&quot;&quot;,&quot;caption&quot;:&quot;&quot;,&quot;created_timestamp&quot;:&quot;0&quot;,&quot;copyright&quot;:&quot;&quot;,&quot;focal_length&quot;:&quot;0&quot;,&quot;iso&quot;:&quot;0&quot;,&quot;shutter_speed&quot;:&quot;0&quot;,&quot;title&quot;:&quot;&quot;,&quot;orientation&quot;:&quot;0&quot;}\" data-image-title=\"stemma-langosco-di1-thumb\" data-image-description=\"\" data-image-caption=\"\" data-medium-file=\"https:\/\/i0.wp.com\/langosco.it\/wp-content\/uploads\/2015\/10\/stemma-langosco-di1-thumb.png?fit=105%2C120&amp;ssl=1\" data-large-file=\"https:\/\/i0.wp.com\/langosco.it\/wp-content\/uploads\/2015\/10\/stemma-langosco-di1-thumb.png?fit=105%2C120&amp;ssl=1\" class=\"alignnone wp-image-69\" src=\"https:\/\/i0.wp.com\/langosco.it\/wp-content\/uploads\/2015\/10\/stemma-langosco-di1-thumb.png?resize=10%2C11&#038;ssl=1\" alt=\"stemma-langosco-di1-thumb\" width=\"10\" height=\"11\"  data-recalc-dims=\"1\"> &#8212;&#8211;<\/p>\n<h4 class=\"section\">da Treccani: Dizionario Biografico degli Italiani &#8211; Volume 63 (2004)<\/h4>\n<p>di <b>Alice Raviola<\/b><\/p>\n<p><strong>LANGOSCO<\/strong>, <span class=\"sc\">Giovanni Tommaso<\/span>. &#8211; Nacque probabilmente a Stroppiana, presso Vercelli, all&#8217;inizio del XVI secolo; non \u00e8 noto il nome della madre. Esponente di uno dei rami della famiglia, del consortile dei conti di Lomello, trasferitosi a Vercelli nel XIII secolo, secondo alcuni biografi il L. fu figlio di Camillo, secondo altri di Gian Matteo, conestabile di una delle porte della citt\u00e0 o, secondo un&#8217;altra ipotesi, forse pi\u00f9 plausibile, di uno dei fratelli di questo, Stefano. La fondazione di Stroppiana (1252), che il L. definiva affettuosamente &#8220;paisello&#8221;, \u00e8 attribuita al suo casato (il L. al principe Emanuele Filiberto, 28 maggio 1552, in Tallone, p. 153).<\/p>\n<p>Conseguita la laurea in giurisprudenza (non \u00e8 nota l&#8217;universit\u00e0), si distinse come giureconsulto ed entr\u00f2 in contatto con la corte del duca Carlo II di Savoia, di stanza a Vercelli. La prima concreta attestazione della sua attivit\u00e0 di servitore ducale risale al 2 dic. 1543, data della prima lettera conservata del Langosco.<\/p>\n<p>Scritta da Vigevano a Carlo II, \u00e8 un ragguaglio della prima tappa del viaggio che lo avrebbe portato a Vienna con l&#8217;incarico di ambasciatore presso l&#8217;imperatore Carlo V, viaggio costellato da non poche difficolt\u00e0 logistiche, come si apprende dalla descrizione del fortunoso arrivo a Trento: &#8220;in una fiumara appresso de Martinengo el postiglione fu ad annegare et io ne fui in grandissimo periculo [\u2026] tuto si guast\u00f2, per\u00f2 le litere et memorie di V.E. sono salve, ch\u00e9 io continuamente le porto sopra me, vicino al stomacho&#8221; (il L. al duca, 17 dic. 1543, in Tallone, p. 155).<\/p>\n<p>Nel 1546 il L., impegnato in Baviera al seguito dell&#8217;esercito imperiale contro i protestanti della Lega di Smalcalda, ebbe modo di assistere alle prodezze militari del giovane Emanuele Filiberto, da poco insignito dell&#8217;Ordine del Toson d&#8217;oro e nominato comandante della guardia imperiale. Negli anni successivi continu\u00f2 a far parte della ristretta cerchia del principe e fu proprio costui, nel 1549, a persuadere il padre a non richiamarlo in Piemonte, ritenendo indispensabile la sua presenza presso la corte imperiale. Dal punto di vista diplomatico, la missione del L., che dur\u00f2 fino al 1552 e si snod\u00f2 tra Vienna, Worms, Ratisbona e Innsbruck, si concentr\u00f2 su tre obiettivi: la richiesta di un sostegno economico-militare a tutela dei domini piemontesi minacciati dalla Francia; il consolidamento dell&#8217;alleanza tra il piccolo Ducato sabaudo e la Corona ispano-imperiale e, non ultimo, la rivendicazione della discendenza dei Savoia dalla casa di Sassonia, con conseguente rivalutazione del loro ruolo sul piano politico europeo.<\/p>\n<p>Lettere scritte al duca e al principe di Piemonte a resoconto dei suoi contatti con i ministri imperiali, tra i quali N. Perrenot de Granvelle, restituiscono con vivacit\u00e0 l&#8217;asprezza dei conflitti religiosi in Germania e la difficolt\u00e0, per l&#8217;ambasciatore, di ottenere risposte chiare. Arduo, se non impossibile, era impedire che le truppe ispano-imperiali stanziate in Piemonte non gravassero sugli abitanti, al punto che questi avrebbero preferito &#8220;farsi turchi, nonch\u00e9 francesi, poich\u00e9 in Turchia [\u2026] v&#8217;\u00e8 assai miglior trattamento&#8221; (Merlin <em>et al.<\/em>, p. 30).<\/p>\n<p>La situazione era tesa, e il 1\u00b0 apr. 1552 il L. scriveva al duca: &#8220;siamo in un grandissimo laberinto et pagura&#8221; (Arch. di Stato di Torino, <em>Lettere di particolari<\/em>, S, m. 88); le violenze erano all&#8217;ordine del giorno e onerose si facevano le condizioni di vita dell&#8217;ambasciatore, costretto a spendere molto per mantenere alto il decoro impostogli dalla carica e quindi a supplicare aiuti economici. Pi\u00f9 faticose del previsto si erano inoltre rivelate le trattative relative all&#8217;antica origine dei Savoia, alle quali il L. si era dedicato con instancabile diligenza, finendo con il discutere su questioni di precedenza con i rappresentanti di altri principi tedeschi, in occasione della Dieta di Augusta del 1550. Tuttavia, proprio in quel frangente, l&#8217;esperienza e l&#8217;insistenza del L. gli avevano consentito di rafforzare le relazioni con l&#8217;imperatore e divenire uno dei migliori referenti della politica estera sabauda. Per questo, nel 1554, fu incaricato di precedere in Inghilterra Emanuele Filiberto, duca di Savoia dal 1553, invitato alle nozze di Maria Tudor e Filippo II di Spagna.<\/p>\n<p>Partito da Calais il 1\u00b0 settembre, in un primo momento a Londra il L. riusc\u00ec a preparare il terreno favorevole al suo signore, nonostante l&#8217;insinuante presenza del governatore di Milano Ferrante Gonzaga, ostile alla casa sabauda per la questione del Monferrato, il quale lo costringeva a &#8220;tenir le carte alte&#8221; (il L. al duca, 21 ott. 1554, <em>ibid<\/em>.). Al suo arrivo, Emanuele Filiberto fu accolto con tutti gli onori e insignito del prestigioso Ordine della Giarrettiera, ma fu delusa la sua speranza di vedersi assegnare il governo del Ducato di Milano, vacante per la fine del mandato di don Ferrante e affidato a Fernando Alvarez de Toledo, il duca d&#8217;Alba.<\/p>\n<p>Nel gennaio del 1555 il L. and\u00f2 a Bruxelles con Emanuele Filiberto e nella primavera pot\u00e9 rientrare in Piemonte dove, negli anni precedenti, era tornato solo per brevi periodi di congedo. Durante l&#8217;estate, sempre con il titolo di ambasciatore e anche in veste di consigliere ducale, fu incaricato di visitare Nizza, Cuneo e Fossano &#8211; le citt\u00e0, con Vercelli e Aosta, ancora in mano al duca &#8211; al fine di verificarne le condizioni e, soprattutto, di ottenere il pagamento di un donativo straordinario.<\/p>\n<p>Anche questa missione fu problematica: le Comunit\u00e0 erano prostrate da anni di guerra, disponevano di poche risorse ed erano impossibilitate o restie a consegnare denaro e vettovaglie. Ancora una volta, il L. seppe procedere con abilit\u00e0 e ottenne 300 scudi e 200 sacchi di grano da Fossano, 500 scudi e 200 sacchi da Cuneo e una parte dei 2500 scudi richiesti ai Nizzardi, i pi\u00f9 &#8220;retrogradi [\u2026] per la grandissima penuria che hano de grani&#8221; (il L. al duca, 25 ott. 1555, <em>ibid<\/em>.). Non manc\u00f2, inoltre, di portare a buon fine la compravendita del castello di Todone, ancora in possesso di Onorato Grimaldi di Boglio, nonch\u00e9 di fornire consigli sulla necessit\u00e0 di migliorare lo stato dei presidi piemontesi (quello della sua Vercelli in particolare) e di puntare su nuove risorse, come le miniere &#8220;d&#8217;argento, d&#8217;arramo [\u2026] di piombo, di acciale, di ferro [\u2026] et di carbone&#8221;, scoperte durante un&#8217;ispezione del Nizzardo, &#8220;un mondo de richesse nascoste&#8221; che avrebbe potuto risollevare le sorti economiche del Ducato (<em>ibid<\/em>., 19 ott. 1555).<\/p>\n<p>Richiamato a Bruxelles nella primavera del 1556, nei tre anni successivi il L. segu\u00ec ancora Emanuele Filiberto sui fronti delle ultime fasi della guerra franco-ispanica e fu tra i diplomatici che, a partire dall&#8217;ottobre del 1558, intavolarono i colloqui di pace di Cercamp, poi trasferiti a Cateau-Cambr\u00e9sis. Con Gian Francesco Cacherano d&#8217;Osasco si occup\u00f2 soprattutto di definire le clausole del matrimonio tra Emanuele Filiberto e la figlia di Francesco I, Margherita di Valois, previsto dalla pace di Cateau-Cambr\u00e9sis (3 apr. 1559). Nei mesi seguenti il L. fu inviato alla corte francese a seguire i preparativi per le nozze, celebrate a luglio, e fu tra i gentiluomini del seguito che accompagn\u00f2 la coppia dalla Francia a Nizza e da l\u00ec, nel 1560, nei possedimenti piemontesi in fase di riunificazione.<\/p>\n<p>Fu presumibilmente allora che il L. fu nominato gran cancelliere, a riprova della costante fiducia del sovrano nei suoi confronti. In assenza di patenti che attestino la promozione, il suo ruolo \u00e8 provato dalla presenza, in quella veste, alla stipula di un contratto l&#8217;11 ott. 1560 a Fossano.<\/p>\n<p>Parallelamente il L. consolidava la propria posizione patrimoniale acquistando i feudi di Villarboit (1557) e di Monformoso (1561). Da allora la sua attivit\u00e0 prosegu\u00ec in Piemonte e si concentr\u00f2 sempre pi\u00f9 tra la nascente corte di Torino e il castello di Rivoli, residenza abituale della duchessa dove, nel 1562, nacque il principe Carlo Emanuele. Nel 1560, insieme con altri quattro ministri ducali, fu creato &#8220;riformatore di studi&#8221; con l&#8217;incarico di fondare una nuova universit\u00e0 a Mondov\u00ec, voluta dal duca &#8211; su consiglio del L. e del governatore della citt\u00e0, Carlo Francesco Manfredi di Luserna -, per accattivarsi le simpatie della ritrosa <em>\u00e9lite<\/em> locale. Il L. chiam\u00f2 in Piemonte, tra gli altri, il giurista cuneese Aimone Cravetta e il letterato ferrarese Giovan Battista Giraldi che, non a caso, lo ricord\u00f2 nella dedica dei suoi <em>Ecatommiti<\/em> (1565).<\/p>\n<p>Nel 1563, quando la presenza del duca nella capitale si fece definitiva, il L. divenne uno dei principali referenti del Consiglio municipale che, per ingraziarselo, gli offr\u00ec il porto di una delle aste del baldacchino per la processione del Corpus Domini, onore tradizionalmente riservato agli esponenti delle quattro famiglie pi\u00f9 antiche del patriziato urbano.<\/p>\n<p>Le occupazioni quotidiane del L. spaziavano dalle frequenti riunioni del Consiglio di Stato (durante le quali aveva il privilegio di sedere a tavola di fronte al duca) alla curatela degli interessi francesi della duchessa (con viva attenzione per la crescita del principe, descritta con dispacci quasi giornalieri tra il 1562 e il 1564), dal controllo dei lavori per la costruzione della cittadella di Torino al problema della razionalizzazione fiscale e daziaria del Ducato.<\/p>\n<p>Uno dei temi predominanti della corrispondenza nei suoi ultimi anni \u00e8 l&#8217;andamento del prezzo del grano, di cui divenne competente lavorando in seno alla magistratura delle Biade, creata da Emanuele Filiberto nel 1571.<\/p>\n<p>Affacciatisi sulla scena altri uomini di fiducia del duca &#8211; da Andrea Provana di Lein\u00ec a Negron de&#8217; Negro -, sul piano politico la posizione del L. dovette perdere progressivamente importanza. Non vennero mai meno, tuttavia, le prerogative onorifiche di cui aveva goduto e che furono amplificate nel 1573 con l&#8217;innalzamento al titolo di conte di Stroppiana. Nel settembre del 1574, in occasione del passaggio a Torino di Enrico III di Francia, fu il L. a occuparsi delle sontuose cerimonie di accoglienza, alle quali prese parte sfilando alla testa del Consiglio di Stato &#8220;vestito a lungo di velluto chermisino&#8221; (cit. in <em>Storia di Torino<\/em>, p. 240).<\/p>\n<p>Negli ultimi mesi di vita, costretto a letto &#8220;da febre caterrale&#8221; (lettera del L. al duca, 26 marzo 1575, Arch. di Stato di Torino, <em>Lettere di particolari<\/em>, S, m. 88) e ormai impossibilitato a scrivere, continu\u00f2 comunque a curare parte degli affari affidatigli, quali la costruzione di un naviglio da Ivrea a Torino e il recupero di alcuni benefici ecclesiastici.<\/p>\n<p>Il L. mor\u00ec a Torino il 18 maggio 1575.<\/p>\n<p>Emanuele Filiberto volle che gli fossero tributati funerali solenni, nonostante il L., con testamento del 15 maggio 1569, avesse chiesto di essere sepolto senza pompa nella chiesa di S. Paolo di Vercelli. Con le disposizioni testamentarie lasci\u00f2 l&#8217;usufrutto dei suoi beni alla seconda moglie, Antonia dei conti di Montafia, consigliandole di ritirarsi nel feudo di Villarboit per amministrare il patrimonio di famiglia e badare alle loro figlie Margherita e Ludovica, dotate con 3000 scudi d&#8217;oro ciascuna e andate spose rispettivamente al conte Bernardino Parpaglia della Bastia (i cui eredi presero poi il nome di Parpaglia-Langosco) e al conte Ludovico Birago San Martino di Vische. Costitu\u00ec suo erede universale l&#8217;unico figlio maschio, Carlo Emanuele, che mor\u00ec senza discendenti nel 1625. A Beatrice &#8211; unica figlia nata dal suo primo matrimonio, con Delia Roero di Sanseverino, e celebre per la sua relazione con Emanuele Filiberto &#8211; lasci\u00f2 alcune propriet\u00e0 e, soprattutto, l&#8217;eredit\u00e0 del nome alla corte sabauda.<\/p>\n<p>Apprezzato per l&#8217;indiscussa fedelt\u00e0 e l&#8217;indefessa applicazione, il L. fu considerato gi\u00e0 dai contemporanei sopravvalutato nel suo ruolo, rispetto alle reali capacit\u00e0 e poco incline alla comprensione delle cose politiche. Valga per tutti il commento dell&#8217;ambasciatore veneto Andrea Bold\u00f9: &#8220;Il conte di Stroppiana [\u2026] \u00e8 il primo presso S.E. al quale, come gran cancelliere, \u00e8 commesso il governo maggiore di quello stato. Non ha egli di gran lunga corrispondente il valore al buon volere che si ritrova, e per tale \u00e8 conosciuto da ciascuno&#8221; (<em>Relazione\u2026 di Andrea Bald\u00f9<\/em>, <em>1561<\/em>, p. 433). E ancora Francesco Morosini defin\u00ec il L. &#8220;uomo certo da bene et di buona volont\u00e0, ma poco intendente di governo e di stato&#8221; (<em>Relazione\u2026 di Francesco Morosini<\/em>, <em>1570<\/em>, p. 128). Il giudizio fu ripreso e appesantito dalla storiografia sabaudista di matrice ottocentesca, concorde con gli ambasciatori veneti nel ritenere che Carlo II e Emanuele Filiberto avessero fatto ricorso a uomini come il L. per mancanza di funzionari pi\u00f9 preparati, e pronta a biasimarne l&#8217;insistenza dei modi, la grossolanit\u00e0 dello stile, la scarsa prontezza. Pes\u00f2 grandemente sulla valutazione complessiva della sua figura la relazione della figlia Beatrice con Emanuele Filiberto, considerata da Dionisotti e da altri il vero motivo del suo successo. Studi pi\u00f9 recenti, invece, gli restituiscono opportunamente il ruolo giocato nell&#8217;ambito della politica sabauda di met\u00e0 Cinquecento.<\/p>\n<p><span class=\"sc\">Fonti e Bibl<\/span>.: Arch. di Stato di Torino, <em>Lettere ministri<\/em>, <em>Austria<\/em>, mm. 2-3; <em>Gran Bretagna<\/em>, m. 1; <em>Camerale<\/em>, <em>Patenti<\/em><em>controllo<\/em><em>finanze<\/em>, regg. 1561, I, cc. 1, 127; 1561, III, c. 263; Torino, Biblioteca Reale, <em>St. patria<\/em>, 1074: P. Massara di Previde, <em>Genealogie patrie<\/em>, III, <em>E-L<\/em>, s.d. (ma XIX sec.), c. 957; Ibid., A. Manno, <em>Il patriziato subalpino<\/em>\u2026, vol. <em>H-Lazzara<\/em> (dattil.), p. 151; <em>Relazione della corte di Savoia di Andrea Bold\u00f9, 1561<\/em>, in <em>Relazioni degli ambasciatori veneti al Senato<\/em>, a cura di E. Alberi, s. 2, I, Firenze 1839, pp. 410 s., 433 s.; <em>Relazione della corte di Savoia di Sigismondo Cavalli, 1564<\/em>, <em>ibid.<\/em>, II, ibid. 1841, p. 31; <em>Relazione della corte di Savoia di Francesco Morosini, 1570<\/em>, <em>ibid<\/em>., pp. 117, 128; E. Ricotti, <em>Storia della monarchia piemontese<\/em>, II, Firenze 1861, pp. 128, 417; C. Dionisotti, <em>Notizie biografiche dei vercellesi illustri<\/em>, Biella 1862, pp. 53, 253; D. Promis, <em>Di una medaglia rappresentante Beatrice Langosco e brevi notizie sulla sua famiglia<\/em>, Torino 1867, pp. 4 s.; L. Cibrario, <em>Origini e progressi delle istituzioni della monarchia di Savoia sino alla costituzione del Regno d&#8217;Italia<\/em>, Firenze 1869, pp. 141 s.; G. Claretta, <em>Il duca di Savoia Emanuele Filiberto e la corte di Londra negli anni 1554 e 1555. Reminiscenze storico-diplomatiche raccolte su documenti inediti<\/em>, Pinerolo 1892, pp. 9-11, 13-18, 20 s., 23-25, 27, 29 s., 32-35, 37-39, 45-49, 51-56, 59, 64, 71-76; C. Dionisotti, <em>Storia della magistratura piemontese<\/em>, II, Torino 1881, pp. 196 s.; A. Tallone, <em>Un vercellese illustre del secolo XVI: G.T. L. di Stroppiana, gran cancelliere di Emanuele Filiberto<\/em>, Saluzzo 1900; W. Barberis, <em>Le armi del principe. La tradizione militare sabauda<\/em>, Torino 1988, p. 158; P. Merlin <em>et al.<\/em>, <em>Il Piemonte sabaudo. Stato e territorio in et\u00e0 moderna<\/em>, Torino 1994, <em>ad ind<\/em>.; P. Merlin, <em>Emanuele Filiberto. Un principe tra il Piemonte e l&#8217;Europa<\/em>, Torino 1995, <em>ad ind<\/em>.; <em>Storia di Torino<\/em>, III, <em>Dalla dominazione francese alla ricomposizione dello Stato (1536-1630)<\/em>, a cura di G. Ricuperati, Torino 1998, <em>ad indicem<\/em>.<\/p>\n","protected":false},"excerpt":{"rendered":"<p>Giovan Tomaso. (Bibliografia 10 &#8211; pag. 4.) Fu il pi\u00f9 eminente personaggio di questa linea: Sposa: (a) nel 1523 Delia Roero-Sanseverino, (da questo primo matrimonio nasce Beatrice) e (b) Antonia di Montafia, figlia di Giorgio e di Bianca Orsina Visconti (da questo secondo matrimonio nascono: Carlo Emanuele, Lodovica e Margherita). Nel 1554 ambasciatore del duca all\u2019imperatore nei Paesi Bassi. Nel 1556 signore di Villarboit (con Monformoso e Busonengo, acquistati da&hellip; <\/p>\n","protected":false},"author":1,"featured_media":0,"parent":0,"menu_order":0,"comment_status":"closed","ping_status":"closed","template":"layouts\/page-fullwidth.php","meta":{"jetpack_post_was_ever_published":false,"footnotes":""},"class_list":["post-788","page","type-page","status-publish","hentry"],"jetpack_sharing_enabled":true,"jetpack_shortlink":"https:\/\/wp.me\/P6ZQY0-cI","jetpack-related-posts":[{"id":781,"url":"https:\/\/langosco.it\/?page_id=781","url_meta":{"origin":788,"position":0},"title":"Nota: Beatrice","date":"Gennaio 11, 2016","format":false,"excerpt":"Beatrice. Vedova in prime nozze, divenne amante del duca Emanuele Filiberto di Savoia, da cui ebbe tre figli naturali da lui legittimati: Ottone (morto in tenera et\u00e0), Matilde, e Beatrice. (Bibliografia 10 - pag. 4.) ----- ----- da Treccani: Dizionario Biografico degli Italiani - Volume 63 (2004) di Alice Raviola\u2026","rel":"","context":"Articolo simile","img":{"alt_text":"","src":"","width":0,"height":0},"classes":[]},{"id":586,"url":"https:\/\/langosco.it\/?page_id=586","url_meta":{"origin":788,"position":1},"title":"Nota: Gerolamo n.1575","date":"Gennaio 8, 2016","format":false,"excerpt":"Gerolamo (da non confondere con il pro-zio Gerolamo, priore di Capua) Da Treccani: Dizionario Biografico degli Italiani - Volume 63 (2004) di Andrea Merlotti LA MOTTA, Girolamo Langosco conte de. - Figlio del conte Alfonso e di Saveria Vialardi di Villanova, nacque intorno al 1575. Ventenne, accompagn\u00f2 in Spagna il\u2026","rel":"","context":"Articolo simile","img":{"alt_text":"","src":"","width":0,"height":0},"classes":[]},{"id":558,"url":"https:\/\/langosco.it\/?page_id=558","url_meta":{"origin":788,"position":2},"title":"Sintesi Storica dal Sec. XV in poi &#8211; rami estinti","date":"Gennaio 7, 2016","format":false,"excerpt":"Tra le figure che successivamente si distinsero segnaler\u00f2 le seguenti: Signori di Stroppiana (1\u00b0 ramo) Giovan Tomaso. Fu il pi\u00f9 eminente personaggio di questa linea. Nel 1554 ambasciatore del duca all\u2019imperatore nei Paesi Bassi. Nel 1556 signore di Villarboit. Nel 1559 plenipotenziario a Cateau-Cambr\u00e9sis dove firma i trattati in rappresentanza\u2026","rel":"","context":"Articolo simile","img":{"alt_text":"","src":"","width":0,"height":0},"classes":[]},{"id":1331,"url":"https:\/\/langosco.it\/?page_id=1331","url_meta":{"origin":788,"position":3},"title":"XV century onward &#8211; extinct branches","date":"Marzo 25, 2016","format":false,"excerpt":"Tra le figure che successivamente si distinsero segnaler\u00f2 le seguenti: Signori di Stroppiana (1\u00b0 ramo) Giovan Tomaso. Fu il pi\u00f9 eminente personaggio di questa linea. Nel 1554 ambasciatore del duca all\u2019imperatore nei Paesi Bassi. Nel 1556 signore di Villarboit. Nel 1559 plenipotenziario a Cateau-Cambr\u00e9sis dove firma i trattati in rappresentanza\u2026","rel":"","context":"Articolo simile","img":{"alt_text":"","src":"","width":0,"height":0},"classes":[]},{"id":263,"url":"https:\/\/langosco.it\/?page_id=263","url_meta":{"origin":788,"position":4},"title":"Nota: 3 sorelle","date":"Novembre 2, 2015","format":false,"excerpt":"Margherita Cornelia. Nata il 14 settembre 1712. Monaca della Visitazione a Vercelli (1729) [a 17 anni]. Bona Gabriella. Monaca della Visitazione a Vercelli (1733). [nata nel 1716 ?] Giovanna Maria Cristina. Monaca della Visitazione a Vercelli (1735). [nata nel 1718 ?] Tre sorelle tutte monache nello stesso convento. Un monastero\u2026","rel":"","context":"Articolo simile","img":{"alt_text":"","src":"","width":0,"height":0},"classes":[]},{"id":240,"url":"https:\/\/langosco.it\/?page_id=240","url_meta":{"origin":788,"position":5},"title":"Nota: Margherita","date":"Ottobre 30, 2015","format":false,"excerpt":"Margherita: figlia di Guido Emanuele. (Bibliografia 10 - pag.1.) Fu allevata alla corte dei duchi di Savoia ove la madre era dama. Essa fu dapprima dama di Margherita di Savoia, vedova di Francesco Gonzaga, duca di Mantova, e rimase a Torino fino al 1627, recandosi poi \u00e0 Milano con la\u2026","rel":"","context":"Articolo simile","img":{"alt_text":"","src":"","width":0,"height":0},"classes":[]}],"_links":{"self":[{"href":"https:\/\/langosco.it\/index.php?rest_route=\/wp\/v2\/pages\/788","targetHints":{"allow":["GET"]}}],"collection":[{"href":"https:\/\/langosco.it\/index.php?rest_route=\/wp\/v2\/pages"}],"about":[{"href":"https:\/\/langosco.it\/index.php?rest_route=\/wp\/v2\/types\/page"}],"author":[{"embeddable":true,"href":"https:\/\/langosco.it\/index.php?rest_route=\/wp\/v2\/users\/1"}],"replies":[{"embeddable":true,"href":"https:\/\/langosco.it\/index.php?rest_route=%2Fwp%2Fv2%2Fcomments&post=788"}],"version-history":[{"count":5,"href":"https:\/\/langosco.it\/index.php?rest_route=\/wp\/v2\/pages\/788\/revisions"}],"predecessor-version":[{"id":2145,"href":"https:\/\/langosco.it\/index.php?rest_route=\/wp\/v2\/pages\/788\/revisions\/2145"}],"wp:attachment":[{"href":"https:\/\/langosco.it\/index.php?rest_route=%2Fwp%2Fv2%2Fmedia&parent=788"}],"curies":[{"name":"wp","href":"https:\/\/api.w.org\/{rel}","templated":true}]}}