{"id":599,"date":"2016-01-08T01:11:25","date_gmt":"2016-01-08T00:11:25","guid":{"rendered":"http:\/\/langosco.it\/?page_id=599"},"modified":"2020-06-22T20:52:10","modified_gmt":"2020-06-22T18:52:10","slug":"nota-jacopo-languschi","status":"publish","type":"page","link":"https:\/\/langosco.it\/?page_id=599","title":{"rendered":"Nota: Jacopo Languschi"},"content":{"rendered":"<p><strong>&#8220;<a href=\"http:\/\/www.treccani.it\/enciclopedia\/jacopo-languschi_%28Dizionario-Biografico%29\/\" target=\"_blank\" rel=\"noopener noreferrer\">Jacopo Languschi<\/a>&#8220;<\/strong>, figlio di Giovanni da Pavia. Letterato e politico nato a Venezia ca. 1385 &#8211; + ca.1470. Notaio a Venezia nel 1409. Segretario ducale nel 1410. Ambasciatore di Venezia a Genova, Udine, Ferrara, e Bologna dal 1416 al 1419. A Costantinopoli nel 1422. Studi\u00f2 alle arti a Padova, dove insegn\u00f2 retorica da almeno il 1423 fino al 1431 e consegu\u00ec la licenza in quest\u2019anno. Menzionato in vari documenti come \u201csegretario apostolico\u201d. A Roma, prest\u00f2 servizio nella cancelleria papale sotto Eugenio IV, che gli concesse alcune propriet\u00e0 nella diocesi di Padova, dove risiedette durante gli anni Quaranta. Pu\u00f2 essere stato a Costantinopoli nel 1453 e aver assistito alla caduta della citt\u00e0<\/p>\n<p>Fu apprezzato oratore e poeta. Compose sonetti, orazioni, la <em>Excidio e presa di Costantinopoli nell\u2019anno 1453,<\/em> alcune commedie pi\u00f9 tardi plagiate da Tito Livio Frulovisi (che neg\u00f2 l\u2019accusa), un\u2019opera \u201csuper epistolas\u201d e lettere a Leonardo Bruni e Ambrogio Traversari.<\/p>\n<p style=\"text-align: center;\">&#8212;&#8211; <img loading=\"lazy\" decoding=\"async\" data-attachment-id=\"69\" data-permalink=\"https:\/\/langosco.it\/?attachment_id=69\" data-orig-file=\"https:\/\/i0.wp.com\/langosco.it\/wp-content\/uploads\/2015\/10\/stemma-langosco-di1-thumb.png?fit=105%2C120&amp;ssl=1\" data-orig-size=\"105,120\" data-comments-opened=\"1\" data-image-meta=\"{&quot;aperture&quot;:&quot;0&quot;,&quot;credit&quot;:&quot;&quot;,&quot;camera&quot;:&quot;&quot;,&quot;caption&quot;:&quot;&quot;,&quot;created_timestamp&quot;:&quot;0&quot;,&quot;copyright&quot;:&quot;&quot;,&quot;focal_length&quot;:&quot;0&quot;,&quot;iso&quot;:&quot;0&quot;,&quot;shutter_speed&quot;:&quot;0&quot;,&quot;title&quot;:&quot;&quot;,&quot;orientation&quot;:&quot;0&quot;}\" data-image-title=\"stemma-langosco-di1-thumb\" data-image-description=\"\" data-image-caption=\"\" data-medium-file=\"https:\/\/i0.wp.com\/langosco.it\/wp-content\/uploads\/2015\/10\/stemma-langosco-di1-thumb.png?fit=105%2C120&amp;ssl=1\" data-large-file=\"https:\/\/i0.wp.com\/langosco.it\/wp-content\/uploads\/2015\/10\/stemma-langosco-di1-thumb.png?fit=105%2C120&amp;ssl=1\" class=\"alignnone wp-image-69\" src=\"https:\/\/i0.wp.com\/langosco.it\/wp-content\/uploads\/2015\/10\/stemma-langosco-di1-thumb.png?resize=10%2C11&#038;ssl=1\" alt=\"stemma-langosco-di1-thumb\" width=\"10\" height=\"11\"  data-recalc-dims=\"1\"> &#8212;&#8211;<\/p>\n<h4 class=\"section\">da Treccani: Dizionario Biografico degli Italiani &#8211; Volume 63 (2004)<\/h4>\n<p>di <b>Giuseppe Gullino<\/b><\/p>\n<p><strong>LANGUSCHI<\/strong>, <span class=\"sc\">Jacopo<\/span> (Giacomo). &#8211; Figlio di Giovanni, originario di Pavia, nacque a Venezia negli anni Ottanta del Trecento e sempre a Venezia dovette compiersi la sua prima formazione culturale e professionale. Il primo dato certo che abbiamo su di lui porta la data del 4 ott. 1409 quando, a Venezia, il L., in qualit\u00e0 di notaio imperiale, autentic\u00f2 una sentenza pronunciata dal conte Amedeo VIII di Savoia in una vertenza che opponeva il Comune di Venezia a quello di Genova, riguardo a certi danni patiti da alcuni mercanti veneziani.<\/p>\n<p>Poco pi\u00f9 di un anno dopo (30 dic. 1410) il L. registr\u00f2 la composizione della controversia sommando al titolo notarile quello di scrivano ducale: ci\u00f2 significa che egli era ormai iscritto nei ruoli della Cancelleria veneziana, come testimonia anche un aumento del salario accordatogli il 18 marzo dello stesso anno. Il 30 dic. 1413, in occasione dei preparativi per l&#8217;elezione del doge Tommaso Mocenigo, fu definito &#8220;notarius Venetiarum&#8221;; poi verosimilmente si rec\u00f2 a Genova dove soggiorn\u00f2 a pi\u00f9 riprese per diverso tempo dal 1414, come procuratore del Comune, con l&#8217;incarico di sbrigare nuove controversie che opponevano le due Repubbliche marinare, soprattutto in fatto di commerci col Levante.<\/p>\n<p>Il L. si occup\u00f2 in quel periodo anche di un contenzioso aperto fra il Comune veneziano e il genovese Pietro Spinola, investito dal duca di Milano, Filippo Maria Visconti, di un feudo nel Veronese da poco entrato a far parte dei domini marciani. Nei mesi di luglio e agosto del 1415 il L. era ancora a Genova nell&#8217;intento di recuperare i 6000 ducati reclamati nei confronti dello Spinola; qui egli aveva dapprima affiancato e poi sostituito il collega Ludovico da Saffignano, costretto a tornare a Venezia (novembre 1415) per l&#8217;aggravarsi delle sue condizioni di salute. \u00c8 possibile che in quella circostanza anche il L. sia tornato a Venezia, giacch\u00e9 il 26 marzo 1416 il Senato gli forniva ulteriori commissioni nell&#8217;imminenza di una nuova missione a Genova, per l&#8217;irrisolta contesa con lo Spinola, sostanzialmente riconducibile a rivendicazioni di natura economica: alla fine si giunse a un compromesso tra Venezia e Baldassare Spinola, erede di Pietro, consistente in un piano di ammortamento del debito mediante rateizzazione, e il 4 genn. 1417 il Senato comunic\u00f2 al L. il proprio assenso all&#8217;accordo cos\u00ec faticosamente raggiunto, insieme col permesso di rimpatriare &#8220;de omnibus informatus&#8221;.<\/p>\n<p>Il 15 marzo 1417 si trovava ancora a Genova, il 24 genn. 1418 fu inviato a Latisana, dove erano acquartierate le truppe venete che operavano in Friuli, per sostenere le ragioni di Tristano Savorgnan contro la Comunit\u00e0 di Udine; in questo caso l&#8217;azione del L. rientrava in una delle tante manovre che preparavano l&#8217;annessione dei domini del patriarcato a quelli veneziani; furono invece pretesti di natura prevalentemente giuridico-diplomatica quelli che il 28 maggio 1418 portarono il L. a Ferrara, onde assicurare al marchese Niccol\u00f2 (III) d&#8217;Este, all&#8217;epoca signore di Parma, l&#8217;appoggio veneziano contro il duca di Milano, che aveva recato gravi danni al contado di Parma. Il 6 nov. 1419 il L. fu inviato a Bologna per trattare l&#8217;ingaggio di truppe da spedire in Friuli, di cui Venezia stava portando a termine l&#8217;annessione; nella circostanza il L. riusc\u00ec ad assicurare al Comune la &#8220;condotta&#8221; di Pietro da Montefalco (2 dic. 1419) e a se stesso un ulteriore miglioramento dello stipendio, come provano l&#8217;acquisto di un prezioso libro gi\u00e0 appartenuto al defunto procuratore Pietro Corner e, soprattutto, l&#8217;aumento dell&#8217;aliquota relativa all&#8217;imposizione fiscale cui dovette sottostare il 18 giugno 1420. Nel mese di ottobre lo troviamo ancora a Genova, per protestare una volta di pi\u00f9 contro uno Spinola; si trattava di Giovanni Ambrogio, accusato di aver commesso atti di pirateria contro alcune navi veneziane al largo dell&#8217;isola greca di Sapienza, nello Ionio. Anche questa volta la complessit\u00e0 della vertenza costrinse il L. a una lunga permanenza in Liguria, della quale egli stesso richiedeva il compenso presentandosi di persona alla Signoria il 5 marzo 1422 ed elencando le ingenti spese sostenute a Genova: &#8220;ubi pluribus mensibus de nostro mandato stetit&#8221; (Barile, p. 54).<\/p>\n<p>La King (p. 565) ipotizza inoltre una permanenza del L. a Costantinopoli nello stesso anno 1422, identificandolo con quello &#8220;Jacopo Veneto&#8221; che avrebbe trascritto, in alternanza con Giovanni Aurispa, un manoscritto contenente il <em>De finibus <\/em>di Cicerone; quel che appare certo, tuttavia, \u00e8 che l&#8217;eventuale soggiorno sul Bosforo del L. non pu\u00f2 essere ricondotto a una missione politico-diplomatica, dal momento che i registri del Senato non ne riportano traccia.<\/p>\n<p>Dal 1423 sino al 30 sett. 1428, o forse addirittura fino al 16 ag. 1431, allorch\u00e9 consegu\u00ec il dottorato <em>in artibus<\/em>, il L. soggiorn\u00f2 a Padova, dove succedette a Gasperino Barzizza nell&#8217;insegnamento della retorica con un salario annuo di 80 fiorini; della sua cultura e della molteplicit\u00e0 dei suoi interessi fanno fede gli intensi rapporti epistolari che tenne in quegli anni con le principali emergenze nell&#8217;ambito umanistico, da Francesco Barbaro a Guarino Veronese, da Nicol\u00f2 Leonardi ad Ambrogio Traversari, da Francesco Filelfo a Giorgio da Trebisonda, Sebastiano Bursa, Leonardo Bruni, Cristoforo de Scarpis, Pier Candido Decembrio.<\/p>\n<p>Scrisse anche una commedia, perduta e di cui si ignorano il titolo e la data di composizione, che per\u00f2 sarebbe stata plagiata da Tito Livio de&#8217; Frulovisi nella sua <em>Corallaria<\/em>, bench\u00e9 nulla possa dirsi circa la consistenza d&#8217;una tale accusa. Della sua produzione letteraria ci restano tre orazioni (probabilmente pronunciate in occasioni ufficiali, nel corso di altrettante missioni diplomatiche): una recitata dinanzi a Martino V, un&#8217;altra per un non meglio identificato abate, parimenti letta alla presenza del pontefice (entrambe collocabili fra il 1428 e il 1431), e una terza per il matrimonio di una figlia di Marco Guidiccioni, nella corte estense di Ferrara. Sicuramente del L. sono anche una lettera al Traversari e tre sonetti di imitazione petrarchesca; ma la sua produzione fu probabilmente ben pi\u00f9 intensa, secondo quanto afferma Francesco Contarini. Un&#8217;opera vasta, dunque, ma non troppo felice, visto che le testimonianze concordano nel giudicarla inelegante, dal punto di vista sia della metrica, che appare incerta, sia dello stesso significato, non di rado oscuro. Nell&#8217;<em>Ermafroditus<\/em>, per esempio, il Panormita (Antonio Beccadelli) lo accusa di ricorrere a parole volutamente ricercate, anche se inappropriate al testo e dal senso recondito: &#8220;Languscus [\u2026] Exprimit ex clausis loculis lectissima quaedam \/ Verba sonora quidem, sed tamen apta parum \/ [\u2026]. Inde fit ut scribat quae non intelligat ipse&#8221; (citato da Sabbadini, 1917, p. 499).<\/p>\n<p>Pi\u00f9 letterato che poeta dunque, il L., ma indubbiamente uomo di vasta e varia cultura; Bernardo Bembo, infatti, in una chiosa autografa apposta a una copia del <em>De architectura<\/em> di Vitruvio, gi\u00e0 appartenuta al L., lo definisce &#8220;matematico&#8221;, aggettivo che nel XV secolo poteva essere applicato anche agli esperti di astronomia, una scienza che allora faceva tutt&#8217;uno con l&#8217;astrologia; nel <em>Trialogus<\/em> il L. \u00e8 ritenuto esperto di astrologia; inoltre, e soprattutto, nel contratto stipulato a Padova il 16 ott. 1430 per la realizzazione dell&#8217;orologio di piazza dei Signori, il L. compare come &#8220;preclarus magister&#8221;, &#8220;doctissimus in arte astrologie&#8221;, insomma un&#8217;autorit\u00e0 in fatto di astronomia. Pertanto, ove si consideri che tale orologio era in realt\u00e0 una complessa macchina astrologico-religiosa in grado di inquadrare l&#8217;esistenza dell&#8217;uomo nell&#8217;ordinamento e nella cronologia cosmologica, la presenza in qualit\u00e0 di esperto e la qualifica attribuita al L. in tale circostanza assumono il valore di una prova decisiva circa la complessit\u00e0 della sua cultura.<\/p>\n<p>Nel corso della sua permanenza a Padova il L. fu sin dal maggio 1428 fra i segretari di papa Martino V, ma probabilmente continu\u00f2 a dimorare e insegnare presso lo <em>Studium <\/em>patavino per almeno altri tre anni: nella citt\u00e0 antenorea, con la quale il rapporto rimase sempre fortissimo, il 15 nov. 1429 fu testimone di un dottorato in medicina e il 16 maggio 1431 vi consegu\u00ec la laurea nelle arti liberali.<\/p>\n<p>Subito dopo il L. abbandon\u00f2 l&#8217;insegnamento e si trasfer\u00ec a Roma, dal momento che il nuovo pontefice Eugenio IV (Gabriele Condulmer, veneziano) lo volle nella Segreteria apostolica, dietro suggerimento del proprio nipote, il cardinale Francesco Condulmer.<\/p>\n<p>Appunto a Roma, il 6 apr. 1433, troviamo il L. sottoscrivere, in qualit\u00e0 di ufficiale della Curia papale, una bolla di Eugenio IV che consentiva al governo marciano di arrestare gli ecclesiastici veneziani, qualora rei di delitti comuni; l&#8217;ultima sua presenza documentata nella Segreteria apostolica \u00e8 del 1441, dopo la quale data ritroviamo il L. a Padova per tutto il corso del quinto decennio del secolo.<\/p>\n<p>Qui infatti, il 2 genn. 1443, effettu\u00f2 un deposito cauzionale di danari e un anno dopo (7 maggio 1444) presentava la polizza d&#8217;estimo, dalla quale si evince ch&#8217;egli abitava nella contrada del Duomo, presso il vescovato, e che possedeva 37 &#8220;campi&#8221; a Creola, un&#8217;altra possessione (non quantificata, evidentemente perch\u00e9 valliva) a Solesino nella bassa Padovana e parte di un mulino e alcune vigne situate nei pressi dei colli Euganei, a Calaone. In seguito il L. avrebbe incrementato le sue propriet\u00e0; l&#8217;ultimo documento ufficiale che abbiamo su di lui, datato 16 dic. 1452, riguarda infatti alcuni terreni concessi dal pontefice in enfiteusi al L. nel Padovano.<\/p>\n<p>Sempre in questo territorio sappiamo che nel 1461 un suo figlio illegittimo, Giovanni, godeva alcune pensioni gravanti sul monastero di S. Maria delle Grazie, a Lispida, uno dei principali centri estrattivi dei colli Euganei, da cui si ricavava la trachite, largamente impiegata nell&#8217;edilizia ecclesiastica e signorile di Padova.<\/p>\n<p>Dopo il dicembre 1452 sono da registrare testimonianze talvolta contraddittorie: sappiamo infatti che al L. viene attribuita una relazione sulla caduta dell&#8217;Impero bizantino intitolata <em>Excidio e presa di Costantinopoli<\/em>, inserita dal cronista Giorgio Dolfin nella sua <em>Cronica.<\/em><\/p>\n<p>Il testo del Dolfin, per\u00f2, non dice che la descrizione della fine di Costantinopoli sia del L., ma si limita ad attribuire a quest&#8217;ultimo soltanto un incisivo ritratto di Maometto II: &#8220;El signor Maumetho \u00e8 giovane di 26 anni, ben complexionato, et de corpo pi\u00f9 presto grande che de media statura; nobile in arme, di poco riso, di magnanima liberalit\u00e0, ostinato nel proposito, audacissimo in ogni cosa, aspirante a gloria quanto Alexandro macedonico&#8221; (cc. 313v-314r; cfr. anche Pertusi, 1983, pp. 172-175). Nonostante l&#8217;affermazione del Dolfin, che l&#8217;attribuisce a &#8220;Jacomo Langusto Veneto&#8221;, sono state avanzate riserve anche circa la paternit\u00e0 di questo ritratto del conquistatore, che ne ricorda uno analogo steso dal greco Nicol\u00f2 Sagundino nel dicembre 1453 (Davies, pp. 16 s.); ancora, tutto ci\u00f2 non prova affatto che il L. fosse presente a Costantinopoli durante l&#8217;assedio; egli infatti (come ipotizza Pertusi, 1974, pp. 136 s.) potrebbe aver utilizzato fonti di altra mano.<\/p>\n<p>Un elemento decisivo per negare la presenza del L. a Costantinopoli nel corso di quei tragici eventi potrebbe essere costituito dalla gi\u00e0 ricordata testimonianza di Bernardo Bembo, che proprio nel 1453 acquist\u00f2 un trattato <em>De architectura<\/em> di Vitruvio, precedentemente appartenuto al L. e posto in vendita dopo la sua morte, avvenuta a Padova in quello stesso anno, come precisa una chiosa del manoscritto (Giannetto, p. 24). Tra la fine del 1452 e il 1453 va quindi collocata la data della morte del Languschi.<\/p>\n<p>Decisamente inconsistente appare pertanto l&#8217;ipotesi, accettata da vari autori, secondo cui il L. sarebbe stato ancora vivo nel 1467, allorquando l&#8217;umanista e politico veneziano Candiano Bollani avrebbe scritto il <em>Trialogus in rebus futuris annorum XX proximorum<\/em> (Venezia, Biblioteca naz. Marciana, <em>Mss. lat.<\/em>, cl. XIV, 245 [=4682], cc. 2r-9v), dialogo a tre fra lo stesso Bollani, il vescovo di Brescia Domenico Domenichi e un L. molto vecchio e fornito di ampie cognizioni filosofiche e astrologiche. \u00c8 proprio il &#8220;Languscus philosophus&#8221;, protagonista della discussione, che propone una serie di fantasiosi vaticini sulle vicende italiane a partire dal 1465, accanto a predizioni di eventi di pi\u00f9 ampio respiro, come la riconquista di Bisanzio da parte dei cristiani, fissata all&#8217;anno 1492. In tempi pi\u00f9 recenti, tuttavia, il Davies (pp. 17-21) ha avanzato dubbi circa l&#8217;autore e la data di composizione del <em>Trialogus<\/em>, che potrebbe risalire agli anni Ottanta del XV secolo ed essere opera di un Ludovico Corner, detto dei Righi (e in questo caso &#8211; a nostro parere &#8211; potrebbe trattarsi di uno zio del famoso Alvise Corner).<\/p>\n<p><span class=\"sc\">Fonti e Bibl<\/span>.: Arch. di Stato di Venezia, <em>Senato<\/em>,<em> Misti<\/em>, regg. 51, cc. 115v-116r; 52, c. 70v; <em>Senato<\/em>,<em> Deliberazioni<\/em>,<em> Secreta<\/em>, regg. 6, cc. 114r, 117v, 125v, 130r; 7, cc. 18v, 119r, 125v, 183r; Venezia, Biblioteca naz. Marciana, <em>Mss. it.<\/em>, VII, 794 (=8503): G. Dolfin, <em>Cronica\u2026<\/em>, cc. 313v-323v; <em>I Libri commemoriali della Repubblica di Venezia. Regesti<\/em>, a cura di R. Predelli, III, Venezia 1883, pp. 334, 348, 381; IV, ibid. 1896, p. 173; <em>R\u00e9gestes des d\u00e9liberations du S\u00e9nat de Venise concernant la Romanie<\/em>, II, <em>1400-1430<\/em>, a cura di F. Thiriet, Paris-La Haye 1959, pp. 185 s.; <em>Acta graduum academicorum Gymnasii Patavini ab anno 1406 ad annum 1450\u2026<\/em>, a cura di G. Zonta &#8211; G. Brotto, I, Padova 1970, pp. 235, 265; L. Fincati, <em>La presa di Costantinopoli (maggio 1453)<\/em>, in <em>Archivio veneto<\/em>, n.s., XVI (1886), 1, p. 19; A. Segarizzi, <em>J. L. rimatore veneziano del secolo XV<\/em>, in <em>Atti dell&#8217;Accademia degli Agiati di Rovereto<\/em>, s. 3, X (1904), pp. 179-182; Id., <em>Francesco Contarini politico e letterato veneziano del secolo XV<\/em>, in <em>Nuovo Archivio veneto<\/em>, XII (1906), 1, p. 283; Id., <em>Antonio Baratella e i suoi corrispondenti<\/em>, in <em>Miscellanea di storia veneta edita per cura della R. Deputazione veneta di storia patria<\/em>, s. 3, X (1916), p. 112; R. Sabbadini, <em>La polemica fra Porcelio e il Panormita<\/em>, in <em>Rendiconti dell&#8217;Istituto lombardo di scienze e lettere<\/em>, s. 2, L (1917), pp. 499 s.; <em>Epistolario di Guarino Veronese<\/em>, a cura di R. Sabbadini, III, Venezia 1919, pp. 36, 392 s.; F. Babinger, <em>Maometto il Conquistatore e gli umanisti d&#8217;Italia<\/em>, in <em>Venezia e l&#8217;Oriente fra tardo Medioevo e Rinascimento<\/em>, a cura di A. Pertusi, Firenze 1966, pp. 440 s., 443 s.; A. Pertusi, <em>La lettera di Filippo da Rimini, cancelliere di Corf\u00f9, a Francesco Barbaro e i primi documenti occidentali sulla caduta di Costantinopoli (1453)<\/em>, in \u039c\u03bd\u03b7\u03bc\u03cc\u03c3\u03c5\u03bd\u03bf\u03bd \u03a3\u03bf\u03d5\u03af\u03b1\u03da \u0391\u03bd\u03c4\u03c9\u03bd\u03b9\u03ac\u03b4\u03b7, <em>Biblioteca dell&#8217;Istituto ellenico di studi bizantini e postbizantini di Venezia<\/em>, Venezia 1974, pp. 120-122, 134, 136 s.; A. Balduino, <em>Le esperienze della poesia volgare<\/em>, in <em>Storia della cultura veneta<\/em>, 3, <em>Dal primo Quattrocento al concilio di Trento<\/em>, a cura di G. Arnaldi &#8211; M. Pastore Stocchi, I, Vicenza 1980, p. 294; A. Pertusi, <em>L&#8217;umanesimo greco dalla fine del secolo XIV agli inizi del secolo XVI<\/em>, <em>ibid<\/em>., pp. 243, 245; G. Lucchetta, <em>L&#8217;Oriente mediterraneo nella cultura di Venezia tra Quattro e Cinquecento<\/em>, <em>ibid<\/em>., II, pp. 380, 387; G. Padoan, <em>La commedia rinascimentale a Venezia dalla sperimentazione umanistica alla commedia &#8220;regolare&#8221;, ibid<\/em>., III, p. 378; A. Pertusi, <em>Testi inediti e poco noti sulla caduta di Costantinopoli<\/em>, a cura di A. Carile, Bologna 1983, pp. 167 s.; N. Giannetto, <em>Bernardo Bembo umanista e politico veneziano<\/em>, Firenze 1985, pp. 24, 94 s., 301 s.; M.C. Davies, <em>An enigma and a phantom: Giovanni Aretino and G. L.<\/em>, in <em>Humanistica Lovaniensia<\/em>, XXXVII (1988), pp. 1-29; M.C. Billanovich, <em>La vicenda dell&#8217;orologio di piazza dei Signori a Padova: committenti, esecutori, modalit\u00e0 di costruzione<\/em>, in <em>Archivio veneto<\/em>, s. 5, CLXVIII (1989), pp. 52, 64; M.L. King, <em>Umanesimo e patriziato a Venezia nel Quattrocento<\/em>, Roma 1989, pp. 27, 74, 109, 377, 405 s., 410, 416, 552, 564-567; E. Barile, <em>Littera antiqua e scritture alla greca. Notai e cancellieri copisti a Venezia nei primi decenni del Quattrocento<\/em>, Venezia 1994, pp. 52-55, 60; M.C. Billanovich, <em>Attivit\u00e0 estrattiva negli Euganei. Le cave di Lispida e del Pignaro tra Medioevo ed Et\u00e0 Moderna<\/em>, Venezia 1997, p. 8; D. Gallo, <em>Universit\u00e0 e signoria a Padova dal XIV al XV secolo<\/em>, Trieste 1998, p. 99; <em>Rep. fontium hist. Medii Aevi<\/em>, VII, p. 138.<\/p>\n","protected":false},"excerpt":{"rendered":"<p>&#8220;Jacopo Languschi&#8220;, figlio di Giovanni da Pavia. Letterato e politico nato a Venezia ca. 1385 &#8211; + ca.1470. Notaio a Venezia nel 1409. Segretario ducale nel 1410. Ambasciatore di Venezia a Genova, Udine, Ferrara, e Bologna dal 1416 al 1419. A Costantinopoli nel 1422. Studi\u00f2 alle arti a Padova, dove insegn\u00f2 retorica da almeno il 1423 fino al 1431 e consegu\u00ec la licenza in quest\u2019anno. Menzionato in vari documenti come&hellip; <\/p>\n","protected":false},"author":1,"featured_media":0,"parent":0,"menu_order":0,"comment_status":"closed","ping_status":"closed","template":"layouts\/page-fullwidth.php","meta":{"jetpack_post_was_ever_published":false,"footnotes":""},"class_list":["post-599","page","type-page","status-publish","hentry"],"jetpack_sharing_enabled":true,"jetpack_shortlink":"https:\/\/wp.me\/P6ZQY0-9F","jetpack-related-posts":[{"id":581,"url":"https:\/\/langosco.it\/?page_id=581","url_meta":{"origin":599,"position":0},"title":"Nota: fratelli Giordano e Lionardo di Langasco","date":"Gennaio 8, 2016","format":false,"excerpt":"I due fratelli Giordano e Lionardo di Langasco (sic) che nel 1453 vennero spontaneamente dall\u2019Italia per combattere per la cristianit\u00e0, e per difendere Costantinopoli assediata da Maometto II. Insieme ad altri genovesi, equipaggiarono e portarono a loro spese una piccola compagnia di soldati e quasi sicuramente trovarono la morte nella\u2026","rel":"","context":"Articolo simile","img":{"alt_text":"","src":"","width":0,"height":0},"classes":[]},{"id":558,"url":"https:\/\/langosco.it\/?page_id=558","url_meta":{"origin":599,"position":1},"title":"Sintesi Storica dal Sec. XV in poi &#8211; rami estinti","date":"Gennaio 7, 2016","format":false,"excerpt":"Tra le figure che successivamente si distinsero segnaler\u00f2 le seguenti: Signori di Stroppiana (1\u00b0 ramo) Giovan Tomaso. Fu il pi\u00f9 eminente personaggio di questa linea. Nel 1554 ambasciatore del duca all\u2019imperatore nei Paesi Bassi. Nel 1556 signore di Villarboit. Nel 1559 plenipotenziario a Cateau-Cambr\u00e9sis dove firma i trattati in rappresentanza\u2026","rel":"","context":"Articolo simile","img":{"alt_text":"","src":"","width":0,"height":0},"classes":[]},{"id":1331,"url":"https:\/\/langosco.it\/?page_id=1331","url_meta":{"origin":599,"position":2},"title":"XV century onward &#8211; extinct branches","date":"Marzo 25, 2016","format":false,"excerpt":"Tra le figure che successivamente si distinsero segnaler\u00f2 le seguenti: Signori di Stroppiana (1\u00b0 ramo) Giovan Tomaso. Fu il pi\u00f9 eminente personaggio di questa linea. Nel 1554 ambasciatore del duca all\u2019imperatore nei Paesi Bassi. Nel 1556 signore di Villarboit. Nel 1559 plenipotenziario a Cateau-Cambr\u00e9sis dove firma i trattati in rappresentanza\u2026","rel":"","context":"Articolo simile","img":{"alt_text":"","src":"","width":0,"height":0},"classes":[]},{"id":339,"url":"https:\/\/langosco.it\/?page_id=339","url_meta":{"origin":599,"position":3},"title":"Bibliografia","date":"Novembre 23, 2015","format":false,"excerpt":"Nel seguente tabulato ogni riga si riferisce ad un\u2019opera e le informazioni sono incluse su 5 colonne che da sinistra a destra riportano: 1) Un numero d\u2019ordine attribuito all\u2019opera. (Bibl. PLL n\u00b0 ) 2) Un secondo num. d\u2019ordine utile in alcuni casi. 3) L\u2019indicazione (0\/1) se l\u2019opera (in origin. o\u2026","rel":"","context":"Articolo simile","img":{"alt_text":"","src":"","width":0,"height":0},"classes":[]},{"id":564,"url":"https:\/\/langosco.it\/?page_id=564","url_meta":{"origin":599,"position":4},"title":"Sintesi Storica &#8211; Sec. XI-XIV","date":"Gennaio 8, 2016","format":false,"excerpt":"Sul finire del X sec. la genealogia si fa un po\u2019 pi\u00f9 chiara e troviamo due fratelli, figli molto probabilmente del \"judex domni regis\" indicato come Pietro (ii) nella ricostruzione della prof. Dragoni. Essi sono: \u201cCunibertus iudex domni regis\u201d che figura in vari atti dal 967 al 999. Questo personaggio\u2026","rel":"","context":"Articolo simile","img":{"alt_text":"","src":"https:\/\/i0.wp.com\/langosco.it\/wp-content\/uploads\/2016\/01\/Ottone-III-coronazione-249x300.jpg?resize=350%2C200","width":350,"height":200},"classes":[]},{"id":1329,"url":"https:\/\/langosco.it\/?page_id=1329","url_meta":{"origin":599,"position":5},"title":"XI to XIV centuries","date":"Marzo 25, 2016","format":false,"excerpt":"Sul finire del X sec. la genealogia si fa un po\u2019 pi\u00f9 chiara e troviamo due fratelli, figli molto probabilmente del \"judex domni regis\" indicato come Pietro (ii) nella ricostruzione della prof. Dragoni. Essi sono: \u201cCunibertus iudex domni regis\u201d che figura in vari atti dal 967 al 999. Questo personaggio\u2026","rel":"","context":"Articolo simile","img":{"alt_text":"","src":"https:\/\/i0.wp.com\/langosco.it\/wp-content\/uploads\/2016\/01\/Ottone-III-coronazione-249x300.jpg?resize=350%2C200","width":350,"height":200},"classes":[]}],"_links":{"self":[{"href":"https:\/\/langosco.it\/index.php?rest_route=\/wp\/v2\/pages\/599","targetHints":{"allow":["GET"]}}],"collection":[{"href":"https:\/\/langosco.it\/index.php?rest_route=\/wp\/v2\/pages"}],"about":[{"href":"https:\/\/langosco.it\/index.php?rest_route=\/wp\/v2\/types\/page"}],"author":[{"embeddable":true,"href":"https:\/\/langosco.it\/index.php?rest_route=\/wp\/v2\/users\/1"}],"replies":[{"embeddable":true,"href":"https:\/\/langosco.it\/index.php?rest_route=%2Fwp%2Fv2%2Fcomments&post=599"}],"version-history":[{"count":6,"href":"https:\/\/langosco.it\/index.php?rest_route=\/wp\/v2\/pages\/599\/revisions"}],"predecessor-version":[{"id":2149,"href":"https:\/\/langosco.it\/index.php?rest_route=\/wp\/v2\/pages\/599\/revisions\/2149"}],"wp:attachment":[{"href":"https:\/\/langosco.it\/index.php?rest_route=%2Fwp%2Fv2%2Fmedia&parent=599"}],"curies":[{"name":"wp","href":"https:\/\/api.w.org\/{rel}","templated":true}]}}