{"id":581,"date":"2016-01-08T00:46:31","date_gmt":"2016-01-07T23:46:31","guid":{"rendered":"http:\/\/langosco.it\/?page_id=581"},"modified":"2020-06-22T20:39:31","modified_gmt":"2020-06-22T18:39:31","slug":"note-fratelli-giordano-e-lionardo-di-langasco","status":"publish","type":"page","link":"https:\/\/langosco.it\/?page_id=581","title":{"rendered":"Nota: fratelli Giordano e Lionardo di Langasco"},"content":{"rendered":"<p>I due fratelli <strong>Giordano e Lionardo di Langasco<\/strong> (sic) che nel 1453 vennero spontaneamente dall\u2019Italia per combattere per la cristianit\u00e0, e per difendere Costantinopoli assediata da Maometto II. Insieme ad altri genovesi, equipaggiarono e portarono a loro spese una piccola compagnia di soldati e quasi sicuramente trovarono la morte nella caduta della citt\u00e0.<\/p>\n<p>Bibliografia 15 &#8211; pag. 112-113<\/p>\n<p>Vedi<a href=\"https:\/\/langosco.it\/?page_id=1455\"> l&#8217;articolo di Paolo Langosco<\/a> sulle fonti relative a questi avvenimenti.<\/p>\n","protected":false},"excerpt":{"rendered":"<p>I due fratelli Giordano e Lionardo di Langasco (sic) che nel 1453 vennero spontaneamente dall\u2019Italia per combattere per la cristianit\u00e0, e per difendere Costantinopoli assediata da Maometto II. Insieme ad altri genovesi, equipaggiarono e portarono a loro spese una piccola compagnia di soldati e quasi sicuramente trovarono la morte nella caduta della citt\u00e0. Bibliografia 15 &#8211; pag. 112-113 Vedi l&#8217;articolo di Paolo Langosco sulle fonti relative a questi avvenimenti.<\/p>\n","protected":false},"author":1,"featured_media":0,"parent":0,"menu_order":0,"comment_status":"closed","ping_status":"closed","template":"layouts\/page-fullwidth.php","meta":{"jetpack_post_was_ever_published":false,"footnotes":""},"class_list":["post-581","page","type-page","status-publish","hentry"],"jetpack_sharing_enabled":true,"jetpack_shortlink":"https:\/\/wp.me\/P6ZQY0-9n","jetpack-related-posts":[{"id":721,"url":"https:\/\/langosco.it\/?page_id=721","url_meta":{"origin":581,"position":0},"title":"Sintesi Storica dal Sec. XV in poi &#8211; ramo principale","date":"Gennaio 11, 2016","format":false,"excerpt":"Langosco di Langosco (di S. Polo o S. Paolo Leria) I due fratelli Giordano e Lionardo di Langasco (sic) nel 1453 combatterono per difendere Costantinopoli. Guido Antonio. (Bibliografia 10 - pag. 2.) Capitano generale delle cacce dello stato di Milano. Compreso nell'investitura delle chiese di S. Martino e di S.\u2026","rel":"","context":"Articolo simile","img":{"alt_text":"","src":"","width":0,"height":0},"classes":[]},{"id":1334,"url":"https:\/\/langosco.it\/?page_id=1334","url_meta":{"origin":581,"position":1},"title":"XV onward &#8211; main branch","date":"Marzo 25, 2016","format":false,"excerpt":"Langosco di Langosco (di S. Polo o S. Paolo Leria) I due fratelli Giordano e Lionardo di Langasco (sic) nel 1453 combatterono per difendere Costantinopoli. Guido Antonio. (Bibliografia 10 - pag. 2.) Capitano generale delle cacce dello stato di Milano. Compreso nell'investitura delle chiese di S. Martino e di S.\u2026","rel":"","context":"Articolo simile","img":{"alt_text":"","src":"","width":0,"height":0},"classes":[]},{"id":258,"url":"https:\/\/langosco.it\/?page_id=258","url_meta":{"origin":581,"position":2},"title":"Nota: Bianca Maria","date":"Ottobre 31, 2015","format":false,"excerpt":"Bianca Maria Margherita. Monaca nel convento di S. Cassiano (1612). Ha lo stesso nome della madre ed \u00e8 monaca nel convento dov'\u00e8 sepolto il padre. Se la data del 1612 \u00e8 quella della sua entrata in convento, doveva avere meno di 19 anni, ma fu probabilmente una sua libera scelta\u2026","rel":"","context":"Articolo simile","img":{"alt_text":"","src":"","width":0,"height":0},"classes":[]},{"id":190,"url":"https:\/\/langosco.it\/?page_id=190","url_meta":{"origin":581,"position":3},"title":"Nota: Gaidulfus judex","date":"Ottobre 25, 2015","format":false,"excerpt":"In questa genealogia si avanza l'ipotesi che Gaidolfo non sia fratello di Cuniberto (ii) e di Pietro III vesc. di Como, ma sia fratello di Pietro (ii) e quindi sia figlio di Pietro (i) e ci\u00f2 a causa della grande differenza d'et\u00e0 tra Gaidolfo da un lato e Cuniberto e\u2026","rel":"","context":"Articolo simile","img":{"alt_text":"","src":"","width":0,"height":0},"classes":[]},{"id":256,"url":"https:\/\/langosco.it\/?page_id=256","url_meta":{"origin":581,"position":4},"title":"Nota: Orazio e Baldassarre","date":"Ottobre 30, 2015","format":false,"excerpt":"I fratelli Baldassarre ed Orazio furono tutori del nipote Teofilo figlio di Filippo e di Margherita loro sorella.","rel":"","context":"Articolo simile","img":{"alt_text":"","src":"","width":0,"height":0},"classes":[]},{"id":274,"url":"https:\/\/langosco.it\/?page_id=274","url_meta":{"origin":581,"position":5},"title":"Nota: Guglielmo Giacinto","date":"Novembre 4, 2015","format":false,"excerpt":"Guglielmo Giacinto Giuseppe Maria. Nacque a Casale (nel palazzo Montiglio, strada S. Antonio, ora via Mellana) il 5 ottobre 1843 e fu battezzato in S. Evasio, cattedrale, il 14 ottobre. Ingegnere. Fu priore di S. Michele. Nel 1903 con i fratelli Federico e Luca Francesco [Luigi era morto nel 1875],\u2026","rel":"","context":"Articolo simile","img":{"alt_text":"","src":"","width":0,"height":0},"classes":[]}],"_links":{"self":[{"href":"https:\/\/langosco.it\/index.php?rest_route=\/wp\/v2\/pages\/581","targetHints":{"allow":["GET"]}}],"collection":[{"href":"https:\/\/langosco.it\/index.php?rest_route=\/wp\/v2\/pages"}],"about":[{"href":"https:\/\/langosco.it\/index.php?rest_route=\/wp\/v2\/types\/page"}],"author":[{"embeddable":true,"href":"https:\/\/langosco.it\/index.php?rest_route=\/wp\/v2\/users\/1"}],"replies":[{"embeddable":true,"href":"https:\/\/langosco.it\/index.php?rest_route=%2Fwp%2Fv2%2Fcomments&post=581"}],"version-history":[{"count":6,"href":"https:\/\/langosco.it\/index.php?rest_route=\/wp\/v2\/pages\/581\/revisions"}],"predecessor-version":[{"id":2141,"href":"https:\/\/langosco.it\/index.php?rest_route=\/wp\/v2\/pages\/581\/revisions\/2141"}],"wp:attachment":[{"href":"https:\/\/langosco.it\/index.php?rest_route=%2Fwp%2Fv2%2Fmedia&parent=581"}],"curies":[{"name":"wp","href":"https:\/\/api.w.org\/{rel}","templated":true}]}}