{"id":505,"date":"2016-01-06T15:52:03","date_gmt":"2016-01-06T14:52:03","guid":{"rendered":"http:\/\/langosco.it\/?page_id=505"},"modified":"2020-06-21T19:26:37","modified_gmt":"2020-06-21T17:26:37","slug":"contatti-2","status":"publish","type":"page","link":"https:\/\/langosco.it\/?page_id=505","title":{"rendered":"Contatti"},"content":{"rendered":"<p style=\"text-align: center;\">Per informazioni relative al sito <em>Langosco.it<\/em> potete contattarci al seguente indirizzo email:<\/p>\n<p style=\"text-align: center;\"><strong><a href=\"mailto:info@langosco.it\">info@langosco.it<\/a><\/strong><\/p>\n<p style=\"text-align: center;\"><a href=\"https:\/\/langosco.it\/index.php\/lo-stemma\/\"><img loading=\"lazy\" decoding=\"async\" data-attachment-id=\"90\" data-permalink=\"https:\/\/langosco.it\/?attachment_id=90\" data-orig-file=\"https:\/\/i0.wp.com\/langosco.it\/wp-content\/uploads\/2015\/10\/cropped-stemma-langosco-di1-thumb.png?fit=954%2C1300&amp;ssl=1\" data-orig-size=\"954,1300\" data-comments-opened=\"1\" data-image-meta=\"{&quot;aperture&quot;:&quot;0&quot;,&quot;credit&quot;:&quot;&quot;,&quot;camera&quot;:&quot;&quot;,&quot;caption&quot;:&quot;&quot;,&quot;created_timestamp&quot;:&quot;0&quot;,&quot;copyright&quot;:&quot;&quot;,&quot;focal_length&quot;:&quot;0&quot;,&quot;iso&quot;:&quot;0&quot;,&quot;shutter_speed&quot;:&quot;0&quot;,&quot;title&quot;:&quot;&quot;,&quot;orientation&quot;:&quot;0&quot;}\" data-image-title=\"cropped-stemma-langosco-di1-thumb.png\" data-image-description=\"&lt;p&gt;https:\/\/langosco.it\/wp-content\/uploads\/2015\/10\/cropped-stemma-langosco-di1-thumb.png&lt;\/p&gt;\n\" data-image-caption=\"\" data-medium-file=\"https:\/\/i0.wp.com\/langosco.it\/wp-content\/uploads\/2015\/10\/cropped-stemma-langosco-di1-thumb.png?fit=220%2C300&amp;ssl=1\" data-large-file=\"https:\/\/i0.wp.com\/langosco.it\/wp-content\/uploads\/2015\/10\/cropped-stemma-langosco-di1-thumb.png?fit=677%2C923&amp;ssl=1\" class=\" wp-image-90 aligncenter\" src=\"https:\/\/i0.wp.com\/langosco.it\/wp-content\/uploads\/2015\/10\/cropped-stemma-langosco-di1-thumb.png?resize=21%2C29&#038;ssl=1\" alt=\"cropped-stemma-langosco-di1-thumb.png\" width=\"21\" height=\"29\" srcset=\"https:\/\/i0.wp.com\/langosco.it\/wp-content\/uploads\/2015\/10\/cropped-stemma-langosco-di1-thumb.png?resize=220%2C300&amp;ssl=1 220w, https:\/\/i0.wp.com\/langosco.it\/wp-content\/uploads\/2015\/10\/cropped-stemma-langosco-di1-thumb.png?resize=751%2C1024&amp;ssl=1 751w, https:\/\/i0.wp.com\/langosco.it\/wp-content\/uploads\/2015\/10\/cropped-stemma-langosco-di1-thumb.png?w=954&amp;ssl=1 954w\" sizes=\"auto, (max-width: 21px) 100vw, 21px\" data-recalc-dims=\"1\" \/><\/a><\/p>\n<p style=\"text-align: center;\">______________________________________________<\/p>\n<p style=\"text-align: center;\"><em>Credits:<\/em><\/p>\n<p style=\"text-align: center;\">il lavoro di ricerca storica pubblicato su langosco.it \u00e8 soprattutto di Paolo Langosco, che pu\u00f2 essere contattato per a: <a href=\"mailto:info@langosco.it\">info@langosco.it<\/a><\/p>\n<p style=\"text-align: center;\">Il <a href=\"https:\/\/langosco.it\/wp-content\/uploads\/2016\/01\/Stemma-Massimo-BN.jpg\">logo del sito<\/a>, lo stemma completo di cimiero e di motto, \u00e8 un disegno di Massimo Langosco, maestro orafo.<\/p>\n<p style=\"text-align: center;\">alcune immagini usate in questo sito sono \/ some of the images used in this website are: <a href=\"https:\/\/www.freepik.com\">Designed by Freepik<\/a><\/p>\n","protected":false},"excerpt":{"rendered":"<p>Per informazioni relative al sito Langosco.it potete contattarci al seguente indirizzo email: info@langosco.it ______________________________________________ Credits: il lavoro di ricerca storica pubblicato su langosco.it \u00e8 soprattutto di Paolo Langosco, che pu\u00f2 essere contattato per a: info@langosco.it Il logo del sito, lo stemma completo di cimiero e di motto, \u00e8 un disegno di Massimo Langosco, maestro orafo. alcune immagini usate in questo sito sono \/ some of the images used in this&hellip; <\/p>\n","protected":false},"author":1,"featured_media":0,"parent":86,"menu_order":0,"comment_status":"closed","ping_status":"closed","template":"layouts\/page-fullwidth.php","meta":{"jetpack_post_was_ever_published":false,"footnotes":""},"class_list":["post-505","page","type-page","status-publish","hentry"],"jetpack_sharing_enabled":true,"jetpack_shortlink":"https:\/\/wp.me\/P6ZQY0-89","jetpack-related-posts":[{"id":945,"url":"https:\/\/langosco.it\/?page_id=945","url_meta":{"origin":505,"position":0},"title":"Miglioramento Continuo","date":"Gennaio 13, 2016","format":false,"excerpt":"Avete proposte, idee, o miglioramenti da apportare al sito? Fatemelo sapere lasciando un commento in basso. Potete anche rispondere o commentare richieste di altri. Naturalmente potete anche scrivermi: max.langosco@langosco.it","rel":"","context":"Articolo simile","img":{"alt_text":"","src":"","width":0,"height":0},"classes":[]},{"id":683,"url":"https:\/\/langosco.it\/?page_id=683","url_meta":{"origin":505,"position":1},"title":"Home page interna","date":"Gennaio 11, 2016","format":false,"excerpt":"- Pagina chiusa - Se ti trovi su questa pagina \u00e8 perch\u00e9 era inclusa tra i tuoi segnalibri, o attraverso la cache di un motore di ricerca. Questa parte del sito non esiste pi\u00f9. Ti consiglio di eliminare questa pagina dai tuoi segnalibri e di sostituirla direttamente con la home\u2026","rel":"","context":"Articolo simile","img":{"alt_text":"","src":"","width":0,"height":0},"classes":[]},{"id":1139,"url":"https:\/\/langosco.it\/?page_id=1139","url_meta":{"origin":505,"position":2},"title":"Nonantola &#8211; Abbazia","date":"Gennaio 15, 2016","format":false,"excerpt":"[Perch\u00e9 \u00e8 importante per la famiglia Langosco?] Link relativi all'Abbazia di Nonantola: Sito ufficiale Wikipedia Centro studi Nonantolani","rel":"","context":"Articolo simile","img":{"alt_text":"","src":"","width":0,"height":0},"classes":[]},{"id":534,"url":"https:\/\/langosco.it\/?page_id=534","url_meta":{"origin":505,"position":3},"title":"Indicazione sintetica dei principali studi di riferimento.","date":"Gennaio 6, 2016","format":false,"excerpt":"\u00a0 Hai altre fonti da proporre? scrivici: info@langosco.it \u00a0","rel":"","context":"Articolo simile","img":{"alt_text":"","src":"","width":0,"height":0},"classes":[]},{"id":509,"url":"https:\/\/langosco.it\/?page_id=509","url_meta":{"origin":505,"position":4},"title":"Email List","date":"Gennaio 6, 2016","format":false,"excerpt":"Queste sono le email @langosco.it gi\u00e0 attive: max.langosco@langosco.it riccardo.langosco@langosco.it paolo.langosco@langosco.it elisabetta.langosco@langosco.it lauro.langosco@langosco.it","rel":"","context":"Articolo simile","img":{"alt_text":"","src":"","width":0,"height":0},"classes":[]},{"id":487,"url":"https:\/\/langosco.it\/?page_id=487","url_meta":{"origin":505,"position":5},"title":"Progetto email-list","date":"Gennaio 6, 2016","format":false,"excerpt":"Carissimi parenti, L'idea \u00e8 semplice: creare un modo facile per tenerci in contatto. Ti interessa un email fatta da nome.cognome@langosco.it ? Fammelo sapere e ti creo un indirizzo email che inoltra direttamente all'indirizzo che usi di solito (langosco.it non \u00e8 un email server, quindi non tiene copie delle tue email,\u2026","rel":"","context":"Articolo simile","img":{"alt_text":"","src":"https:\/\/i0.wp.com\/langosco.it\/wp-content\/uploads\/2016\/01\/email.png?fit=794%2C589&ssl=1&resize=350%2C200","width":350,"height":200},"classes":[]}],"_links":{"self":[{"href":"https:\/\/langosco.it\/index.php?rest_route=\/wp\/v2\/pages\/505","targetHints":{"allow":["GET"]}}],"collection":[{"href":"https:\/\/langosco.it\/index.php?rest_route=\/wp\/v2\/pages"}],"about":[{"href":"https:\/\/langosco.it\/index.php?rest_route=\/wp\/v2\/types\/page"}],"author":[{"embeddable":true,"href":"https:\/\/langosco.it\/index.php?rest_route=\/wp\/v2\/users\/1"}],"replies":[{"embeddable":true,"href":"https:\/\/langosco.it\/index.php?rest_route=%2Fwp%2Fv2%2Fcomments&post=505"}],"version-history":[{"count":8,"href":"https:\/\/langosco.it\/index.php?rest_route=\/wp\/v2\/pages\/505\/revisions"}],"predecessor-version":[{"id":2116,"href":"https:\/\/langosco.it\/index.php?rest_route=\/wp\/v2\/pages\/505\/revisions\/2116"}],"up":[{"embeddable":true,"href":"https:\/\/langosco.it\/index.php?rest_route=\/wp\/v2\/pages\/86"}],"wp:attachment":[{"href":"https:\/\/langosco.it\/index.php?rest_route=%2Fwp%2Fv2%2Fmedia&parent=505"}],"curies":[{"name":"wp","href":"https:\/\/api.w.org\/{rel}","templated":true}]}}