{"id":329,"date":"2015-11-23T18:28:32","date_gmt":"2015-11-23T17:28:32","guid":{"rendered":"https:\/\/langosco.it\/?page_id=329"},"modified":"2018-04-14T16:06:37","modified_gmt":"2018-04-14T15:06:37","slug":"la-storia-2","status":"publish","type":"page","link":"https:\/\/langosco.it\/?page_id=329","title":{"rendered":"Sintesi Storica dal sec IX al X &#8211; Primi Secoli"},"content":{"rendered":"<p><a href=\"https:\/\/www.abbazia-nonantola.net\/\"><img loading=\"lazy\" decoding=\"async\" data-attachment-id=\"385\" data-permalink=\"https:\/\/langosco.it\/?attachment_id=385\" data-orig-file=\"https:\/\/i0.wp.com\/langosco.it\/wp-content\/uploads\/2015\/12\/Nonantola3-demi.jpg?fit=2136%2C1424&amp;ssl=1\" data-orig-size=\"2136,1424\" data-comments-opened=\"1\" data-image-meta=\"{&quot;aperture&quot;:&quot;4&quot;,&quot;credit&quot;:&quot;&quot;,&quot;camera&quot;:&quot;Canon EOS 450D&quot;,&quot;caption&quot;:&quot;&quot;,&quot;created_timestamp&quot;:&quot;1292668808&quot;,&quot;copyright&quot;:&quot;&quot;,&quot;focal_length&quot;:&quot;18&quot;,&quot;iso&quot;:&quot;100&quot;,&quot;shutter_speed&quot;:&quot;0.001&quot;,&quot;title&quot;:&quot;&quot;,&quot;orientation&quot;:&quot;1&quot;}\" data-image-title=\"Nonantola3 demi\" data-image-description=\"\" data-image-caption=\"\" data-medium-file=\"https:\/\/i0.wp.com\/langosco.it\/wp-content\/uploads\/2015\/12\/Nonantola3-demi.jpg?fit=300%2C200&amp;ssl=1\" data-large-file=\"https:\/\/i0.wp.com\/langosco.it\/wp-content\/uploads\/2015\/12\/Nonantola3-demi.jpg?fit=677%2C452&amp;ssl=1\" class=\"alignright wp-image-385 size-medium\" src=\"https:\/\/i0.wp.com\/langosco.it\/wp-content\/uploads\/2015\/12\/Nonantola3-demi.jpg?resize=300%2C200&#038;ssl=1\" alt=\"Nonantola3 demi\" width=\"300\" height=\"200\" srcset=\"https:\/\/i0.wp.com\/langosco.it\/wp-content\/uploads\/2015\/12\/Nonantola3-demi.jpg?resize=300%2C200&amp;ssl=1 300w, https:\/\/i0.wp.com\/langosco.it\/wp-content\/uploads\/2015\/12\/Nonantola3-demi.jpg?resize=1024%2C683&amp;ssl=1 1024w, https:\/\/i0.wp.com\/langosco.it\/wp-content\/uploads\/2015\/12\/Nonantola3-demi.jpg?w=1354&amp;ssl=1 1354w, https:\/\/i0.wp.com\/langosco.it\/wp-content\/uploads\/2015\/12\/Nonantola3-demi.jpg?w=2031&amp;ssl=1 2031w\" sizes=\"auto, (max-width: 300px) 100vw, 300px\" data-recalc-dims=\"1\" \/><\/a><a href=\"https:\/\/langosco.it\/?page_id=534\">Vari studi<\/a> del secolo scorso hanno evidenziato come la famiglia dei Langosco tragga origine da una<em> linea di giudici reali ed imperiali d\u2019origine longobarda<\/em>, presente in Pavia nei sec. IX e X ed avente stretti rapporti con l\u2019<a href=\"https:\/\/www.abbazia-nonantola.net\/\" target=\"_blank\" rel=\"noopener\">abazia di Nonantola<\/a> (<a href=\"https:\/\/it.wikipedia.org\/wiki\/Abbazia_di_Nonantola\" target=\"_blank\" rel=\"noopener\">wikipedia<\/a>).<\/p>\n<p><a href=\"https:\/\/www.abbazia-nonantola.net\/\"><img loading=\"lazy\" decoding=\"async\" data-attachment-id=\"383\" data-permalink=\"https:\/\/langosco.it\/?attachment_id=383\" data-orig-file=\"https:\/\/i0.wp.com\/langosco.it\/wp-content\/uploads\/2015\/12\/Nonantola2-demi.jpg?fit=2127%2C1410&amp;ssl=1\" data-orig-size=\"2127,1410\" data-comments-opened=\"1\" data-image-meta=\"{&quot;aperture&quot;:&quot;22&quot;,&quot;credit&quot;:&quot;&quot;,&quot;camera&quot;:&quot;Canon EOS 450D&quot;,&quot;caption&quot;:&quot;&quot;,&quot;created_timestamp&quot;:&quot;1334933427&quot;,&quot;copyright&quot;:&quot;&quot;,&quot;focal_length&quot;:&quot;18&quot;,&quot;iso&quot;:&quot;100&quot;,&quot;shutter_speed&quot;:&quot;10&quot;,&quot;title&quot;:&quot;&quot;,&quot;orientation&quot;:&quot;1&quot;}\" data-image-title=\"Nonantola2 demi\" data-image-description=\"\" data-image-caption=\"\" data-medium-file=\"https:\/\/i0.wp.com\/langosco.it\/wp-content\/uploads\/2015\/12\/Nonantola2-demi.jpg?fit=300%2C199&amp;ssl=1\" data-large-file=\"https:\/\/i0.wp.com\/langosco.it\/wp-content\/uploads\/2015\/12\/Nonantola2-demi.jpg?fit=677%2C449&amp;ssl=1\" class=\"alignleft wp-image-383 size-medium\" src=\"https:\/\/i0.wp.com\/langosco.it\/wp-content\/uploads\/2015\/12\/Nonantola2-demi.jpg?resize=300%2C199&#038;ssl=1\" alt=\"Nonantola2 demi\" width=\"300\" height=\"199\" srcset=\"https:\/\/i0.wp.com\/langosco.it\/wp-content\/uploads\/2015\/12\/Nonantola2-demi.jpg?resize=300%2C199&amp;ssl=1 300w, https:\/\/i0.wp.com\/langosco.it\/wp-content\/uploads\/2015\/12\/Nonantola2-demi.jpg?resize=1024%2C679&amp;ssl=1 1024w, https:\/\/i0.wp.com\/langosco.it\/wp-content\/uploads\/2015\/12\/Nonantola2-demi.jpg?w=1354&amp;ssl=1 1354w, https:\/\/i0.wp.com\/langosco.it\/wp-content\/uploads\/2015\/12\/Nonantola2-demi.jpg?w=2031&amp;ssl=1 2031w\" sizes=\"auto, (max-width: 300px) 100vw, 300px\" data-recalc-dims=\"1\" \/><\/a><em>La genealogia dei conti Lomello-Langosco messa a punto da<\/em> F. Guasco<em> inizia con l\u2019atto del Barbarossa del 25 luglio 1164 e con la spartizione dell\u2019eredit\u00e0 tra i conti di Langosco del 18 gennaio 1174.<\/em><\/p>\n<p><em>Per i periodi precedenti, sia il Guasco che altri autori riferiscono notizie molto imprecise, vaghe e discontinue. \u00c8 solo grazie alle accurate ricerche della professoressa <\/em>B. Dragoni<em> (articoli sul Bollettino della Soc. Pavese di Storia Patria del 1948 e del 1956) che tale genealogia arretra di ben tre secoli fino circa alla met\u00e0 del IX secolo e che soprattutto vengono identificate le lontane ascendenze longobarde, l\u2019ambiente sociale dal quale i Lomello-Langosco traggono origine (la classe giuridica pavese) e, almeno in parte, le vicende politiche che hanno permesso la loro affermazione.<\/em><\/p>\n<p><em>Esistono poi indizi che ci portano a sospettare l\u2019esistenza di radici ancora pi\u00f9 profonde da collocarsi nell\u2019ambiente della curia regale longobarda di Pavia. Manca purtroppo documentazione certa.<\/em><\/p>\n<p>Il pi\u00f9 antico ascendente noto \u00e8, con ogni probabilit\u00e0, un \u201cPetrus iudex domni regis\u201d che figura in tre placiti tenuti a Milano (874), Pavia (875) ed Arezzo (881).<\/p>\n<p>Membri di questa famiglia sarebbero poi in questo periodo (IX, X, XI sec.) numerosi &#8220;judex domni regis&#8221; a nome Pietro, Cuniberto, Gaidulfo, come pure un Ingelberto ed un Pietro abati di Nonantola ecc. Questi nomi sono tipicamente longobardi e del resto l&#8217;ascendenza longobarda \u00e8 esplicitamente rivendicata in alcuni atti <em>(vedi vendita del 967)<\/em>.<\/p>\n<p>Parrebbe (vedi <a href=\"https:\/\/langosco.it\/?page_id=339\">Bibliografia<\/a>: 51, 53 e 17) che alcuni membri di questa prosapia abbiano ricoperto in successione<em> la cattedra vescovile comasca<\/em> tra il IX e X secolo (<a href=\"https:\/\/www.centrorusca.it\/it\/content\/Elenco-dei-Vescovi\" target=\"_blank\" rel=\"noopener\">elenco dei vescovi di Como<\/a>):<\/p>\n<p>&#8211;<a href=\"https:\/\/langosco.it\/?page_id=765\">Liutvardo I<\/a> vescovo di Como dall&#8217;888 al 905 (vissuto 840ca. +910ca.) che fu anche archicancellarius di Berengario I e di Ludovico III.<a href=\"https:\/\/langosco.it\/wp-content\/uploads\/2015\/11\/Liutvardo-Treccani.pdf\" target=\"_blank\" rel=\"noopener\"><br \/>\n<\/a><\/p>\n<p>-Liutvardo II vescovo nel 915 (che potrebbe essere lo stesso di Liutvardo I).<\/p>\n<p>-Pietro II vescovo nel 931.<\/p>\n<p>-Adelgisio vescovo dal 970 al 980, che figura nell&#8217;atto di vendita stipulato in Pavia il 16 luglio 967 da Gaidolfo \u201diudex domni regis&#8221;.<\/p>\n<p>\u00c8 difficile riconoscerne i rapporti di parentela ma questi, e forse anche altri vescovi di Como, avrebbero avuto <em>un&#8217;unica origine familiare pavese<\/em>. Addirittura (secondo <em>Settia<\/em>) si potrebbe affermare che l&#8217;episcopato comense per tutto il X secolo sarebbe stato appannaggio di una sola famiglia di giudici pavesi. Molti sono gli indizi che fanno fortemente sospettare uno stretto rapporto con la famiglia di giudici di cui ci stiamo occupando.<\/p>\n<p style=\"text-align: center;\"><div class=\"su-row\"><div class=\"su-column su-column-size-1-2\"><div class=\"su-column-inner su-u-clearfix su-u-trim\">\n<p>&nbsp;<\/p>\n<p style=\"text-align: center;\"><\/div><\/div><div class=\"su-column su-column-size-1-2\"><div class=\"su-column-inner su-u-clearfix su-u-trim\">\n<p style=\"text-align: right;\">Segue:<\/p>\n<p style=\"text-align: right;\"><a href=\"https:\/\/langosco.it\/?page_id=564\">Secoli: XI e XIV<\/a><\/p>\n<p style=\"text-align: right;\"><a href=\"https:\/\/langosco.it\/?page_id=558\">Sec. XV in poi: i rami estinti<\/a><\/p>\n<p style=\"text-align: right;\"><a href=\"https:\/\/langosco.it\/?page_id=721\">Sec. XV in poi: il ramo principale<\/a><\/p>\n<p style=\"text-align: center;\"><\/div><\/div><\/div>\n<p>&nbsp;<\/p>\n","protected":false},"excerpt":{"rendered":"<p>Vari studi del secolo scorso hanno evidenziato come la famiglia dei Langosco tragga origine da una linea di giudici reali ed imperiali d\u2019origine longobarda, presente in Pavia nei sec. IX e X ed avente stretti rapporti con l\u2019abazia di Nonantola (wikipedia). La genealogia dei conti Lomello-Langosco messa a punto da F. Guasco inizia con l\u2019atto del Barbarossa del 25 luglio 1164 e con la spartizione dell\u2019eredit\u00e0 tra i conti di&hellip; <\/p>\n","protected":false},"author":1,"featured_media":953,"parent":97,"menu_order":0,"comment_status":"closed","ping_status":"closed","template":"layouts\/page-fullwidth.php","meta":{"jetpack_post_was_ever_published":false,"footnotes":""},"class_list":["post-329","page","type-page","status-publish","has-post-thumbnail","hentry"],"jetpack_sharing_enabled":true,"jetpack_shortlink":"https:\/\/wp.me\/P6ZQY0-5j","jetpack-related-posts":[{"id":97,"url":"https:\/\/langosco.it\/?page_id=97","url_meta":{"origin":329,"position":0},"title":"Sintesi Storica","date":"Ottobre 20, 2015","format":false,"excerpt":"Sintesi della storia della famiglia Langosco: \u00a0 ----- -----","rel":"","context":"Articolo simile","img":{"alt_text":"","src":"","width":0,"height":0},"classes":[]},{"id":2085,"url":"https:\/\/langosco.it\/?page_id=2085","url_meta":{"origin":329,"position":1},"title":"Le persone","date":"Maggio 14, 2020","format":false,"excerpt":"Le persone... ognuna ha giocato le carte che ha ricevuto, cos\u00ec come facciamo noi. Di alcune di loro sappiamo qualcosa, di altre poco. Ognuna ha comunque contribuito a creare quella catena umana che ha portato ad oggi, a noi. Conoscerli significa conoscere un poco meglio anche noi stessi. Vuoi sapere\u2026","rel":"","context":"Articolo simile","img":{"alt_text":"","src":"","width":0,"height":0},"classes":[]},{"id":564,"url":"https:\/\/langosco.it\/?page_id=564","url_meta":{"origin":329,"position":2},"title":"Sintesi Storica &#8211; Sec. XI-XIV","date":"Gennaio 8, 2016","format":false,"excerpt":"Sul finire del X sec. la genealogia si fa un po\u2019 pi\u00f9 chiara e troviamo due fratelli, figli molto probabilmente del \"judex domni regis\" indicato come Pietro (ii) nella ricostruzione della prof. Dragoni. Essi sono: \u201cCunibertus iudex domni regis\u201d che figura in vari atti dal 967 al 999. Questo personaggio\u2026","rel":"","context":"Articolo simile","img":{"alt_text":"","src":"https:\/\/i0.wp.com\/langosco.it\/wp-content\/uploads\/2016\/01\/Ottone-III-coronazione-249x300.jpg?resize=350%2C200","width":350,"height":200},"classes":[]},{"id":6,"url":"https:\/\/langosco.it\/?page_id=6","url_meta":{"origin":329,"position":3},"title":"La genealogia","date":"Ottobre 7, 2015","format":false,"excerpt":"Secoli IX-XIII Secoli XIV-XVIII Secoli XIX ad oggi ____________________________________","rel":"","context":"Articolo simile","img":{"alt_text":"","src":"https:\/\/i0.wp.com\/langosco.it\/wp-content\/uploads\/2015\/10\/Tree.jpg?fit=1200%2C1200&ssl=1&resize=350%2C200","width":350,"height":200},"classes":[]},{"id":558,"url":"https:\/\/langosco.it\/?page_id=558","url_meta":{"origin":329,"position":4},"title":"Sintesi Storica dal Sec. XV in poi &#8211; rami estinti","date":"Gennaio 7, 2016","format":false,"excerpt":"Tra le figure che successivamente si distinsero segnaler\u00f2 le seguenti: Signori di Stroppiana (1\u00b0 ramo) Giovan Tomaso. Fu il pi\u00f9 eminente personaggio di questa linea. Nel 1554 ambasciatore del duca all\u2019imperatore nei Paesi Bassi. Nel 1556 signore di Villarboit. Nel 1559 plenipotenziario a Cateau-Cambr\u00e9sis dove firma i trattati in rappresentanza\u2026","rel":"","context":"Articolo simile","img":{"alt_text":"","src":"","width":0,"height":0},"classes":[]},{"id":1329,"url":"https:\/\/langosco.it\/?page_id=1329","url_meta":{"origin":329,"position":5},"title":"XI to XIV centuries","date":"Marzo 25, 2016","format":false,"excerpt":"Sul finire del X sec. la genealogia si fa un po\u2019 pi\u00f9 chiara e troviamo due fratelli, figli molto probabilmente del \"judex domni regis\" indicato come Pietro (ii) nella ricostruzione della prof. Dragoni. Essi sono: \u201cCunibertus iudex domni regis\u201d che figura in vari atti dal 967 al 999. Questo personaggio\u2026","rel":"","context":"Articolo simile","img":{"alt_text":"","src":"https:\/\/i0.wp.com\/langosco.it\/wp-content\/uploads\/2016\/01\/Ottone-III-coronazione-249x300.jpg?resize=350%2C200","width":350,"height":200},"classes":[]}],"_links":{"self":[{"href":"https:\/\/langosco.it\/index.php?rest_route=\/wp\/v2\/pages\/329","targetHints":{"allow":["GET"]}}],"collection":[{"href":"https:\/\/langosco.it\/index.php?rest_route=\/wp\/v2\/pages"}],"about":[{"href":"https:\/\/langosco.it\/index.php?rest_route=\/wp\/v2\/types\/page"}],"author":[{"embeddable":true,"href":"https:\/\/langosco.it\/index.php?rest_route=\/wp\/v2\/users\/1"}],"replies":[{"embeddable":true,"href":"https:\/\/langosco.it\/index.php?rest_route=%2Fwp%2Fv2%2Fcomments&post=329"}],"version-history":[{"count":76,"href":"https:\/\/langosco.it\/index.php?rest_route=\/wp\/v2\/pages\/329\/revisions"}],"predecessor-version":[{"id":1561,"href":"https:\/\/langosco.it\/index.php?rest_route=\/wp\/v2\/pages\/329\/revisions\/1561"}],"up":[{"embeddable":true,"href":"https:\/\/langosco.it\/index.php?rest_route=\/wp\/v2\/pages\/97"}],"wp:featuredmedia":[{"embeddable":true,"href":"https:\/\/langosco.it\/index.php?rest_route=\/wp\/v2\/media\/953"}],"wp:attachment":[{"href":"https:\/\/langosco.it\/index.php?rest_route=%2Fwp%2Fv2%2Fmedia&parent=329"}],"curies":[{"name":"wp","href":"https:\/\/api.w.org\/{rel}","templated":true}]}}