{"id":265,"date":"2015-11-02T21:58:26","date_gmt":"2015-11-02T20:58:26","guid":{"rendered":"http:\/\/langosco.it\/?page_id=265"},"modified":"2016-01-12T00:46:08","modified_gmt":"2016-01-11T23:46:08","slug":"nota-teofilo-teobaldo","status":"publish","type":"page","link":"https:\/\/langosco.it\/?page_id=265","title":{"rendered":"Nota: Teofilo Teobaldo"},"content":{"rendered":"<p>Teofilo Teobaldo Giuseppe Antonio.<\/p>\n<p>Nacque a Casale il 12 luglio 1752 <i>[ ? l&#8217;ultima cifra non si legge bene]<\/i> (sotto S. Evasio <i>[come il padre]<\/i> ).<\/p>\n<p>Dottore in leggi <i>[sic]<\/i> (laurea conseguita all&#8217;universit\u00e0 di Pavia a sedici anni <i>[1768 ?]<\/i> e confermata dall&#8217;universit\u00e0 di Torino nel 1770 <i>[presumibilmente proprio in funzione della sua entrata in magistratura, dovette far riconoscere il titolo di studio conseguito all&#8217;estero]<\/i>.).<\/p>\n<p>Incominci\u00f2 giovanissimo la carriera della magistratura <i>[che fece dal &#8217;70 all&#8217; &#8217;80 ?]<\/i><\/p>\n<p>Il 16 maggio 1780 fu senatore a Nizza (marittima),<\/p>\n<p>Il 15 luglio 1780 <i>[28 anni ?]<\/i> fu investito conte di Langosco e di S. Polo. A norma degli antichi privilegi spetta il titolo comitale a tutti i suoi discendenti indistintamente.<\/p>\n<p>Spos\u00f2 il 27 dicembre 1780 a Nizza al mare, Giov. Maria Irene Reynardi di Belvedere ivi nata il 5 agosto 1763 <i>[aveva 17 anni]<\/i>, figlia del senatore cavaliere ??? collega del conte Teofilo. <i>[Si sposa solo 7 mesi dopo esser stato destinato a Nizza ed aver presumibilmente conosciuto la ragazza]<\/i><\/p>\n<p><i>[Il 20 settembre 1781 nasce a Nizza il primo figlio Luigi Teofilo, cui seguirono due femmine.]<\/i><\/p>\n<p>Nel 1782 <i>[30 anni ?]<\/i> avvocato fiscale regio a Cagliari alla R. Udienza,<\/p>\n<p>Il 3 gennaio 1787 <i>[35 anni ?]<\/i> senatore a Chamb\u00e9ry.<\/p>\n<p>Il 2 novembre 1792 <i>[40 anni ?]<\/i> destinato a Torino nella classe criminale del senato di Piemonte.<\/p>\n<p>Destituito dal governo francese, allora imperante in Piemonte, segu\u00ec il sovrano ramingo <i>[cio\u00e8 and\u00f2 in Sardegna ?]<\/i>, ma poi, dietro insistente consiglio del re Vittorio Emanuele I, succeduto all&#8217;abdicatario Carlo Emanuele IV, ritorn\u00f2 in Piemonte e si ritir\u00f2 a Casale a vita privata.<\/p>\n<p>Se non che il principe Borghese, governatore del Piemonte, sorpreso che un cos\u00ec degno magistrato rimanesse inoperoso, gli offr\u00ec la carica di consigliere nel senato di Genova, che egli accett\u00f2. <i>[Sembra che abbia ricevuto un titolo di barone dal governo napoleonico con decreto del 30 luglio 1812. Segnalazione del sign. Antonello Girardi.]<\/i><\/p>\n<p>Il 5 agosto 1814 mor\u00ec a Casale la moglie Giov. Maria Irene Reynardi <i>[aveva 51 anni]<\/i> e fu ivi sepolta nella tomba di famiglia nel locale camposanto; fu donna colta e pittrice, compose un museo di storia naturale (mineralogia) di notevole importanza (Riccardo Felice Carlo Antonio con i fratelli il 1\u00b0 dicembre 1936 lo don\u00f2 al museo civico di Casale), scrisse parole di fervida ammirazione per Alessandro Volta <i>&#8220;convinta che la scienza far\u00e0 grandi cose colle applicazioni della pila misteriosa&#8221;<\/i>.<\/p>\n<p>Ritornata nei suoi dominii la casa di Savoia nel 1815 <i>[63 anni ?]<\/i>, fu eletto secondo presidente del senato di Genova.<\/p>\n<p>Nel 1816 <i>[64 anni ?]<\/i> primo presidente del senato di Torino.<\/p>\n<p>Fece acquisto nel 1819 <i>[67 anni ?]<\/i> a Casale del magnifico palazzo (di) Cocconito di Montiglio dal marchese Ettore.<\/p>\n<p>Nel 1820 fu nominato Gran Croce.<\/p>\n<p>Il 10 aprile 1821 <i>[69 anni ?]<\/i> fu nominato a far parte della commissione militare per i delitti politici <i>[ricordare i moti del &#8217;21]<\/i>.<\/p>\n<p>Il 31 dicembre 1822 <i>[70 anni ?]<\/i> reggente la Grande Cancelleria de re Carlo Felice <i>[cio\u00e8 non propriamente Gran Cancelliere, ma solo reggente ? il Gran Cancelliere era come dire il capo dell&#8217;esecutivo ?]<\/i><\/p>\n<p>Il 5 dicembre 1825 <i>[73 anni ?]<\/i> guardasigilli <i>[circa ministro di giustizia ?]<\/i>.<\/p>\n<p>Nel 1830 <i>[78 anni ?]<\/i> ebbe le grandi entrate a corte, il 24 maggio 1831, fu fatto Grande di Corona dal re Carlo Alberto e nel 1832 fu Gran Cordone Mauriziano.<\/p>\n<p>Mor\u00ec il 23 aprile 1835 <i>[82 anni ?]<\/i> a Nizza al mare, ove si era ritirato lasciando la carriera; ivi fu sepolto nel camposanto di Cimella (Cimiez).<\/p>\n","protected":false},"excerpt":{"rendered":"<p>Teofilo Teobaldo Giuseppe Antonio. Nacque a Casale il 12 luglio 1752 [ ? l&#8217;ultima cifra non si legge bene] (sotto S. Evasio [come il padre] ). Dottore in leggi [sic] (laurea conseguita all&#8217;universit\u00e0 di Pavia a sedici anni [1768 ?] e confermata dall&#8217;universit\u00e0 di Torino nel 1770 [presumibilmente proprio in funzione della sua entrata in magistratura, dovette far riconoscere il titolo di studio conseguito all&#8217;estero].). Incominci\u00f2 giovanissimo la carriera della&hellip; <\/p>\n","protected":false},"author":1,"featured_media":0,"parent":0,"menu_order":0,"comment_status":"closed","ping_status":"closed","template":"layouts\/page-fullwidth.php","meta":{"jetpack_post_was_ever_published":false,"footnotes":""},"class_list":["post-265","page","type-page","status-publish","hentry"],"jetpack_sharing_enabled":true,"jetpack_shortlink":"https:\/\/wp.me\/P6ZQY0-4h","jetpack-related-posts":[{"id":721,"url":"https:\/\/langosco.it\/?page_id=721","url_meta":{"origin":265,"position":0},"title":"Sintesi Storica dal Sec. XV in poi &#8211; ramo principale","date":"Gennaio 11, 2016","format":false,"excerpt":"Langosco di Langosco (di S. Polo o S. Paolo Leria) I due fratelli Giordano e Lionardo di Langasco (sic) nel 1453 combatterono per difendere Costantinopoli. Guido Antonio. (Bibliografia 10 - pag. 2.) Capitano generale delle cacce dello stato di Milano. Compreso nell'investitura delle chiese di S. Martino e di S.\u2026","rel":"","context":"Articolo simile","img":{"alt_text":"","src":"","width":0,"height":0},"classes":[]},{"id":1334,"url":"https:\/\/langosco.it\/?page_id=1334","url_meta":{"origin":265,"position":1},"title":"XV onward &#8211; main branch","date":"Marzo 25, 2016","format":false,"excerpt":"Langosco di Langosco (di S. Polo o S. Paolo Leria) I due fratelli Giordano e Lionardo di Langasco (sic) nel 1453 combatterono per difendere Costantinopoli. Guido Antonio. (Bibliografia 10 - pag. 2.) Capitano generale delle cacce dello stato di Milano. Compreso nell'investitura delle chiese di S. Martino e di S.\u2026","rel":"","context":"Articolo simile","img":{"alt_text":"","src":"","width":0,"height":0},"classes":[]},{"id":276,"url":"https:\/\/langosco.it\/?page_id=276","url_meta":{"origin":265,"position":2},"title":"Nota: Federico Francesco","date":"Novembre 4, 2015","format":false,"excerpt":"Federico Francesco Teofilo Maria. Nato a Casale (nel palazzo Montiglio) il 2 marzo 1847 e battezzato nella cattedrale [S. Evasio] il 4 marzo. Ufficiale di cavalleria, raggiunse il grado di colonnello e, quale comandante il distretto di Treviso, ivi mor\u00ec, colpito da sincope, durante la rivista militare, l'11 novembre 1904.\u2026","rel":"","context":"Articolo simile","img":{"alt_text":"","src":"","width":0,"height":0},"classes":[]},{"id":788,"url":"https:\/\/langosco.it\/?page_id=788","url_meta":{"origin":265,"position":3},"title":"Nota: Giovan Tommaso","date":"Gennaio 11, 2016","format":false,"excerpt":"Giovan Tomaso. (Bibliografia 10 - pag. 4.) Fu il pi\u00f9 eminente personaggio di questa linea: Sposa: (a) nel 1523 Delia Roero-Sanseverino, (da questo primo matrimonio nasce Beatrice) e (b) Antonia di Montafia, figlia di Giorgio e di Bianca Orsina Visconti (da questo secondo matrimonio nascono: Carlo Emanuele, Lodovica e Margherita).\u2026","rel":"","context":"Articolo simile","img":{"alt_text":"","src":"","width":0,"height":0},"classes":[]},{"id":256,"url":"https:\/\/langosco.it\/?page_id=256","url_meta":{"origin":265,"position":4},"title":"Nota: Orazio e Baldassarre","date":"Ottobre 30, 2015","format":false,"excerpt":"I fratelli Baldassarre ed Orazio furono tutori del nipote Teofilo figlio di Filippo e di Margherita loro sorella.","rel":"","context":"Articolo simile","img":{"alt_text":"","src":"","width":0,"height":0},"classes":[]},{"id":267,"url":"https:\/\/langosco.it\/?page_id=267","url_meta":{"origin":265,"position":5},"title":"Nota: Riccardo Felice","date":"Novembre 2, 2015","format":false,"excerpt":"Riccardo Felice. Nato il 2 agosto 1814. Secondogenito. Fu allievo dell'accademia militare, poi ufficiale di fanteria. Mentre trovavasi di guarnigione a Nizza (marittima) nel 1839, si fidanz\u00f2 con la donna che divenne poi sua moglie [l'anno successivo]. [Che fece nel '48 \u2013 '49 ?] Raggiunse nel 1858 il grado di\u2026","rel":"","context":"Articolo simile","img":{"alt_text":"","src":"","width":0,"height":0},"classes":[]}],"_links":{"self":[{"href":"https:\/\/langosco.it\/index.php?rest_route=\/wp\/v2\/pages\/265","targetHints":{"allow":["GET"]}}],"collection":[{"href":"https:\/\/langosco.it\/index.php?rest_route=\/wp\/v2\/pages"}],"about":[{"href":"https:\/\/langosco.it\/index.php?rest_route=\/wp\/v2\/types\/page"}],"author":[{"embeddable":true,"href":"https:\/\/langosco.it\/index.php?rest_route=\/wp\/v2\/users\/1"}],"replies":[{"embeddable":true,"href":"https:\/\/langosco.it\/index.php?rest_route=%2Fwp%2Fv2%2Fcomments&post=265"}],"version-history":[{"count":1,"href":"https:\/\/langosco.it\/index.php?rest_route=\/wp\/v2\/pages\/265\/revisions"}],"predecessor-version":[{"id":266,"href":"https:\/\/langosco.it\/index.php?rest_route=\/wp\/v2\/pages\/265\/revisions\/266"}],"wp:attachment":[{"href":"https:\/\/langosco.it\/index.php?rest_route=%2Fwp%2Fv2%2Fmedia&parent=265"}],"curies":[{"name":"wp","href":"https:\/\/api.w.org\/{rel}","templated":true}]}}