{"id":253,"date":"2015-10-30T21:39:55","date_gmt":"2015-10-30T20:39:55","guid":{"rendered":"http:\/\/langosco.it\/?page_id=253"},"modified":"2016-01-14T17:25:33","modified_gmt":"2016-01-14T16:25:33","slug":"nota-ottaviano","status":"publish","type":"page","link":"https:\/\/langosco.it\/?page_id=253","title":{"rendered":"Nota: Ottaviano"},"content":{"rendered":"<p><strong>Ottaviano. <\/strong>Nel 1581 con Giacomo Natta, signore d\u2019Alfiano, suo cognato (marito di Porzia Dalla Valle, sorella di Virginia), fu uno dei testimoni alle nozze del duca Vincenzo Gonzaga con Margherita Farnese. Nel 1590 fu consigliere di stato. Nel 1594 e nel 1600 fu commissario generale del duca <i>[quale?]<\/i>. Nel 1602 ambasciatore del duca Vincenzo al duca di Savoia. Il 29 maggio 1609 fu marchese di Ticineto. Test\u00f2 il 18 luglio 1620 e mor\u00ec nel 1640. Spos\u00f2 (a) Maddalena di Langosco, figlia del conte Giovanni Paolo e (b) Virginia Dalla Valle, figlia di Rolando, giureconsulto, consignore di Cuccaro, senatore e poi presidente del Senato del Monferrato, e di Maria di Francesco Della Chiesa (da Savona), vedova di Bartolomeo Del Prato (o Prato), sua seconda moglie. Fu una delle 100 dame cantate nel 1591 dal Navazzotti. Nel 1604 la si trova nominata quale \u201cmarchesa Langosco\u201d.<\/p>\n","protected":false},"excerpt":{"rendered":"<p>Ottaviano. Nel 1581 con Giacomo Natta, signore d\u2019Alfiano, suo cognato (marito di Porzia Dalla Valle, sorella di Virginia), fu uno dei testimoni alle nozze del duca Vincenzo Gonzaga con Margherita Farnese. Nel 1590 fu consigliere di stato. Nel 1594 e nel 1600 fu commissario generale del duca [quale?]. Nel 1602 ambasciatore del duca Vincenzo al duca di Savoia. Il 29 maggio 1609 fu marchese di Ticineto. Test\u00f2 il 18 luglio&hellip; <\/p>\n","protected":false},"author":1,"featured_media":0,"parent":0,"menu_order":0,"comment_status":"closed","ping_status":"closed","template":"layouts\/page-fullwidth.php","meta":{"jetpack_post_was_ever_published":false,"footnotes":""},"class_list":["post-253","page","type-page","status-publish","hentry"],"jetpack_sharing_enabled":true,"jetpack_shortlink":"https:\/\/wp.me\/P6ZQY0-45","jetpack-related-posts":[{"id":558,"url":"https:\/\/langosco.it\/?page_id=558","url_meta":{"origin":253,"position":0},"title":"Sintesi Storica dal Sec. XV in poi &#8211; rami estinti","date":"Gennaio 7, 2016","format":false,"excerpt":"Tra le figure che successivamente si distinsero segnaler\u00f2 le seguenti: Signori di Stroppiana (1\u00b0 ramo) Giovan Tomaso. Fu il pi\u00f9 eminente personaggio di questa linea. Nel 1554 ambasciatore del duca all\u2019imperatore nei Paesi Bassi. Nel 1556 signore di Villarboit. Nel 1559 plenipotenziario a Cateau-Cambr\u00e9sis dove firma i trattati in rappresentanza\u2026","rel":"","context":"Articolo simile","img":{"alt_text":"","src":"","width":0,"height":0},"classes":[]},{"id":1331,"url":"https:\/\/langosco.it\/?page_id=1331","url_meta":{"origin":253,"position":1},"title":"XV century onward &#8211; extinct branches","date":"Marzo 25, 2016","format":false,"excerpt":"Tra le figure che successivamente si distinsero segnaler\u00f2 le seguenti: Signori di Stroppiana (1\u00b0 ramo) Giovan Tomaso. Fu il pi\u00f9 eminente personaggio di questa linea. Nel 1554 ambasciatore del duca all\u2019imperatore nei Paesi Bassi. Nel 1556 signore di Villarboit. Nel 1559 plenipotenziario a Cateau-Cambr\u00e9sis dove firma i trattati in rappresentanza\u2026","rel":"","context":"Articolo simile","img":{"alt_text":"","src":"","width":0,"height":0},"classes":[]},{"id":240,"url":"https:\/\/langosco.it\/?page_id=240","url_meta":{"origin":253,"position":2},"title":"Nota: Margherita","date":"Ottobre 30, 2015","format":false,"excerpt":"Margherita: figlia di Guido Emanuele. (Bibliografia 10 - pag.1.) Fu allevata alla corte dei duchi di Savoia ove la madre era dama. Essa fu dapprima dama di Margherita di Savoia, vedova di Francesco Gonzaga, duca di Mantova, e rimase a Torino fino al 1627, recandosi poi \u00e0 Milano con la\u2026","rel":"","context":"Articolo simile","img":{"alt_text":"","src":"","width":0,"height":0},"classes":[]},{"id":588,"url":"https:\/\/langosco.it\/?page_id=588","url_meta":{"origin":253,"position":3},"title":"Nota: Alfonso","date":"Gennaio 8, 2016","format":false,"excerpt":"Alfonso. Nel 1585 referendario a Torino, poi consigliere di stato, maggiordomo dell\u2019Infante Caterina, governatore di Mondov\u00ec, dal 1598 al 1611 ambasciatore a Madrid, nel 1611 cavaliere di San Jago. Bibliografia 10 - pag. 5 ----- ----- da Treccani: Dizionario Biografico degli Italiani - Volume 63 (2004) di Andrea Merlotti LA\u2026","rel":"","context":"Articolo simile","img":{"alt_text":"","src":"","width":0,"height":0},"classes":[]},{"id":781,"url":"https:\/\/langosco.it\/?page_id=781","url_meta":{"origin":253,"position":4},"title":"Nota: Beatrice","date":"Gennaio 11, 2016","format":false,"excerpt":"Beatrice. Vedova in prime nozze, divenne amante del duca Emanuele Filiberto di Savoia, da cui ebbe tre figli naturali da lui legittimati: Ottone (morto in tenera et\u00e0), Matilde, e Beatrice. (Bibliografia 10 - pag. 4.) ----- ----- da Treccani: Dizionario Biografico degli Italiani - Volume 63 (2004) di Alice Raviola\u2026","rel":"","context":"Articolo simile","img":{"alt_text":"","src":"","width":0,"height":0},"classes":[]},{"id":586,"url":"https:\/\/langosco.it\/?page_id=586","url_meta":{"origin":253,"position":5},"title":"Nota: Gerolamo n.1575","date":"Gennaio 8, 2016","format":false,"excerpt":"Gerolamo (da non confondere con il pro-zio Gerolamo, priore di Capua) Da Treccani: Dizionario Biografico degli Italiani - Volume 63 (2004) di Andrea Merlotti LA MOTTA, Girolamo Langosco conte de. - Figlio del conte Alfonso e di Saveria Vialardi di Villanova, nacque intorno al 1575. Ventenne, accompagn\u00f2 in Spagna il\u2026","rel":"","context":"Articolo simile","img":{"alt_text":"","src":"","width":0,"height":0},"classes":[]}],"_links":{"self":[{"href":"https:\/\/langosco.it\/index.php?rest_route=\/wp\/v2\/pages\/253","targetHints":{"allow":["GET"]}}],"collection":[{"href":"https:\/\/langosco.it\/index.php?rest_route=\/wp\/v2\/pages"}],"about":[{"href":"https:\/\/langosco.it\/index.php?rest_route=\/wp\/v2\/types\/page"}],"author":[{"embeddable":true,"href":"https:\/\/langosco.it\/index.php?rest_route=\/wp\/v2\/users\/1"}],"replies":[{"embeddable":true,"href":"https:\/\/langosco.it\/index.php?rest_route=%2Fwp%2Fv2%2Fcomments&post=253"}],"version-history":[{"count":3,"href":"https:\/\/langosco.it\/index.php?rest_route=\/wp\/v2\/pages\/253\/revisions"}],"predecessor-version":[{"id":911,"href":"https:\/\/langosco.it\/index.php?rest_route=\/wp\/v2\/pages\/253\/revisions\/911"}],"wp:attachment":[{"href":"https:\/\/langosco.it\/index.php?rest_route=%2Fwp%2Fv2%2Fmedia&parent=253"}],"curies":[{"name":"wp","href":"https:\/\/api.w.org\/{rel}","templated":true}]}}