{"id":232,"date":"2015-10-30T18:42:28","date_gmt":"2015-10-30T17:42:28","guid":{"rendered":"http:\/\/langosco.it\/?page_id=232"},"modified":"2016-01-12T00:43:04","modified_gmt":"2016-01-11T23:43:04","slug":"nota-guido-emanuele","status":"publish","type":"page","link":"https:\/\/langosco.it\/?page_id=232","title":{"rendered":"Nota: Guido Emanuele"},"content":{"rendered":"<p>Guido Emanuele (Bibliografia 10 \u2013 pag.1.). <i>[Si accenna all\u2019esistenza di una sua biografia da cui son ricavate anche le notizie sui suoi fratelli.]<\/i> Fu capitano generale delle caccie del ducato di Milano il 3 maggio 1587. Fu l\u2019ideatore e l\u2019iniziatore <i>[altrove sembra che gi\u00e0 Filippone sul finire del 1200 avrebbe cominciato tale opera]<\/i> del celebre naviglio Langosco, derivato dal Ticino nel comune di Galliate, che scorre nel Novarese e Vigevanasco; opera colossale che rovin\u00f2 il suo vistoso patrimonio, ma diede un beneficio immenso alle terre adiacenti.<\/p>\n<p>Il 20 ottobre 1611 fece, col nipote Ottaviano, consegnamento <i>[che significa?]<\/i> di Langosco. <i>[Evidentemente nel 1611 Guido Emanuele aveva gi\u00e0 perso i suoi figli maschi e non sperava pi\u00f9 di averne ancora.]<\/i>. Mor\u00ec nel 1623.<\/p>\n<p>Sposa Lavinia Guasco che fu dama dell\u2019infante Caterina d\u2019Austria, figlia di Filippo IV re di Spagna e moglie di Carlo Emanuele I di Savoia.<\/p>\n<p>Lavinia Guasco fu figlia di Annibale, patrizio alessandrino e uno dei migliori letterati del suo tempo, e di Laura Bellone di Luigi. Si rimarit\u00f2 a Gio. Battista Visconti (detto Prospero per eredit\u00e0 d\u2019altro Prospero) che mor\u00ec nel 1627 <i>[il matrimonio dura al max dal 1624 al 1627]<\/i>, figlio di Galeazzo signore di Fontaneto o Fontanetto (Novara) e conte di Vaprio (d\u2019Agogna), e di Maddalena di Giovanni Arcimboldi, e vedovo di Bianca di Lodovico Taverna.<\/p>\n<p>vedi articolo su <a href=\"https:\/\/it.wikipedia.org\/wiki\/Naviglio_Langosco\">Wikipedia sul Naviglio<\/a><\/p>\n","protected":false},"excerpt":{"rendered":"<p>Guido Emanuele (Bibliografia 10 \u2013 pag.1.). [Si accenna all\u2019esistenza di una sua biografia da cui son ricavate anche le notizie sui suoi fratelli.] Fu capitano generale delle caccie del ducato di Milano il 3 maggio 1587. Fu l\u2019ideatore e l\u2019iniziatore [altrove sembra che gi\u00e0 Filippone sul finire del 1200 avrebbe cominciato tale opera] del celebre naviglio Langosco, derivato dal Ticino nel comune di Galliate, che scorre nel Novarese e Vigevanasco;&hellip; <\/p>\n","protected":false},"author":1,"featured_media":0,"parent":0,"menu_order":0,"comment_status":"closed","ping_status":"closed","template":"layouts\/page-fullwidth.php","meta":{"jetpack_post_was_ever_published":false,"footnotes":""},"class_list":["post-232","page","type-page","status-publish","hentry"],"jetpack_sharing_enabled":true,"jetpack_shortlink":"https:\/\/wp.me\/P6ZQY0-3K","jetpack-related-posts":[{"id":558,"url":"https:\/\/langosco.it\/?page_id=558","url_meta":{"origin":232,"position":0},"title":"Sintesi Storica dal Sec. XV in poi &#8211; rami estinti","date":"Gennaio 7, 2016","format":false,"excerpt":"Tra le figure che successivamente si distinsero segnaler\u00f2 le seguenti: Signori di Stroppiana (1\u00b0 ramo) Giovan Tomaso. Fu il pi\u00f9 eminente personaggio di questa linea. Nel 1554 ambasciatore del duca all\u2019imperatore nei Paesi Bassi. Nel 1556 signore di Villarboit. Nel 1559 plenipotenziario a Cateau-Cambr\u00e9sis dove firma i trattati in rappresentanza\u2026","rel":"","context":"Articolo simile","img":{"alt_text":"","src":"","width":0,"height":0},"classes":[]},{"id":1331,"url":"https:\/\/langosco.it\/?page_id=1331","url_meta":{"origin":232,"position":1},"title":"XV century onward &#8211; extinct branches","date":"Marzo 25, 2016","format":false,"excerpt":"Tra le figure che successivamente si distinsero segnaler\u00f2 le seguenti: Signori di Stroppiana (1\u00b0 ramo) Giovan Tomaso. Fu il pi\u00f9 eminente personaggio di questa linea. Nel 1554 ambasciatore del duca all\u2019imperatore nei Paesi Bassi. Nel 1556 signore di Villarboit. Nel 1559 plenipotenziario a Cateau-Cambr\u00e9sis dove firma i trattati in rappresentanza\u2026","rel":"","context":"Articolo simile","img":{"alt_text":"","src":"","width":0,"height":0},"classes":[]},{"id":240,"url":"https:\/\/langosco.it\/?page_id=240","url_meta":{"origin":232,"position":2},"title":"Nota: Margherita","date":"Ottobre 30, 2015","format":false,"excerpt":"Margherita: figlia di Guido Emanuele. (Bibliografia 10 - pag.1.) Fu allevata alla corte dei duchi di Savoia ove la madre era dama. Essa fu dapprima dama di Margherita di Savoia, vedova di Francesco Gonzaga, duca di Mantova, e rimase a Torino fino al 1627, recandosi poi \u00e0 Milano con la\u2026","rel":"","context":"Articolo simile","img":{"alt_text":"","src":"","width":0,"height":0},"classes":[]},{"id":238,"url":"https:\/\/langosco.it\/?page_id=238","url_meta":{"origin":232,"position":3},"title":"Nota: Carlo (i), Carlo (ii), e Filippo","date":"Ottobre 30, 2015","format":false,"excerpt":"Carlo primogenito, altro Carlo secondogenito e Filippo. Morti forse prima del padre [1623]\u00a0 non essendo nominati negli atti riguardanti il naviglio Langosco. [e Caterina risulta nominata?]\u00a0\u00a0 [I tre fratelli dovrebbero esser morti addirittura prima del 1611, anno del consegnamento di Langosco fatto senza citarli, dal padre e dal cugino Ottviano","rel":"","context":"Articolo simile","img":{"alt_text":"","src":"","width":0,"height":0},"classes":[]},{"id":588,"url":"https:\/\/langosco.it\/?page_id=588","url_meta":{"origin":232,"position":4},"title":"Nota: Alfonso","date":"Gennaio 8, 2016","format":false,"excerpt":"Alfonso. Nel 1585 referendario a Torino, poi consigliere di stato, maggiordomo dell\u2019Infante Caterina, governatore di Mondov\u00ec, dal 1598 al 1611 ambasciatore a Madrid, nel 1611 cavaliere di San Jago. Bibliografia 10 - pag. 5 ----- ----- da Treccani: Dizionario Biografico degli Italiani - Volume 63 (2004) di Andrea Merlotti LA\u2026","rel":"","context":"Articolo simile","img":{"alt_text":"","src":"","width":0,"height":0},"classes":[]},{"id":258,"url":"https:\/\/langosco.it\/?page_id=258","url_meta":{"origin":232,"position":5},"title":"Nota: Bianca Maria","date":"Ottobre 31, 2015","format":false,"excerpt":"Bianca Maria Margherita. Monaca nel convento di S. Cassiano (1612). Ha lo stesso nome della madre ed \u00e8 monaca nel convento dov'\u00e8 sepolto il padre. Se la data del 1612 \u00e8 quella della sua entrata in convento, doveva avere meno di 19 anni, ma fu probabilmente una sua libera scelta\u2026","rel":"","context":"Articolo simile","img":{"alt_text":"","src":"","width":0,"height":0},"classes":[]}],"_links":{"self":[{"href":"https:\/\/langosco.it\/index.php?rest_route=\/wp\/v2\/pages\/232","targetHints":{"allow":["GET"]}}],"collection":[{"href":"https:\/\/langosco.it\/index.php?rest_route=\/wp\/v2\/pages"}],"about":[{"href":"https:\/\/langosco.it\/index.php?rest_route=\/wp\/v2\/types\/page"}],"author":[{"embeddable":true,"href":"https:\/\/langosco.it\/index.php?rest_route=\/wp\/v2\/users\/1"}],"replies":[{"embeddable":true,"href":"https:\/\/langosco.it\/index.php?rest_route=%2Fwp%2Fv2%2Fcomments&post=232"}],"version-history":[{"count":4,"href":"https:\/\/langosco.it\/index.php?rest_route=\/wp\/v2\/pages\/232\/revisions"}],"predecessor-version":[{"id":839,"href":"https:\/\/langosco.it\/index.php?rest_route=\/wp\/v2\/pages\/232\/revisions\/839"}],"wp:attachment":[{"href":"https:\/\/langosco.it\/index.php?rest_route=%2Fwp%2Fv2%2Fmedia&parent=232"}],"curies":[{"name":"wp","href":"https:\/\/api.w.org\/{rel}","templated":true}]}}